{"id":3,"date":"2024-02-19T18:31:56","date_gmt":"2024-02-19T18:31:56","guid":{"rendered":"http:\/\/localhost\/sukeladefamke\/?page_id=3"},"modified":"2025-06-28T22:07:29","modified_gmt":"2025-06-28T21:07:29","slug":"privacybeleid","status":"publish","type":"page","link":"https:\/\/sukeladefamke.nl\/index.php\/privacybeleid\/","title":{"rendered":"Privacystatement"},"content":{"rendered":"\n<div class=\"wp-block-group has-base-background-color has-background has-extra-small-font-size has-global-padding is-layout-constrained wp-block-group-is-layout-constrained\">\n<h1 class=\"wp-block-heading\">Privacy verklaring It S\u00fbkelade Famke<\/h1>\n\n\n\n<p><strong>1. Wie zijn wij<\/strong><br>Deze website wordt beheerd door <strong>It S\u00fbkelade Famke<\/strong>, gevestigd te Melkemastate 44, 8925 AX Leeuwarden , ingeschreven bij de Kamer van Koophandel onder nummer 92374182<br>Ons website-adres is: <a class=\"\" href=\"https:\/\/www.sukeladefamke.nl\">https:\/\/www.sukeladefamke.nl<\/a><br>Voor vragen kun je contact opnemen via: <a href=\"mailto:itsukeladefamke@hotmail.com\">itsukeladefamke@hotmail.com<\/a>.<br><br><strong>2. Welke persoonsgegevens wij verwerken<\/strong><br>Wij verwerken je persoonsgegevens wanneer je:<br>&#8211; Een bestelling plaatst<br>&#8211; Een account aanmaakt<br>&#8211; Een contactformulier invult<br>&#8211; Een reactie achterlaat op een bericht<br><br><strong>Gegevens die wij mogelijk verwerken:<\/strong><br>&#8211; Naam<br>&#8211; Adresgegevens (voor verzending en factuur)<br>&#8211; E-mailadres<br>&#8211; Telefoonnummer<br>&#8211; Betaalgegevens (via externe provider, zie onder)<br>&#8211; IP-adres<br>&#8211; Browsergegevens<br><br>3. <strong>Waarom wij je gegevens verwerken<\/strong><br>Wij gebruiken je gegevens voor de volgende doelen:<br>&#8211; Het verwerken en bezorgen van je bestelling<br>&#8211; Het afhandelen van betalingen<br>&#8211; Het aanmaken en beheren van je account<br>&#8211; Klantenservice en communicatie<br>&#8211; Wettelijke verplichtingen (zoals boekhouding)<br>&#8211; Marketingdoeleinden (alleen na toestemming)<br><br>4. <strong>Delen van gegevens met derden<\/strong><br>Wij delen jouw gegevens alleen met derden als dat nodig is voor onze dienstverlening:<br>&#8211; <strong>Betaalproviders<\/strong> (zoals Mollie, PayPal, etc.) voor veilige betaling<br>&#8211; <strong>Verzenddiensten<\/strong> (zoals PostNL, DHL) om je bestelling te bezorgen<br>&#8211; <strong>Hostingpartij en websitebeheer<\/strong><br>&#8211; <strong>Boekhouder of accountant<\/strong> (voor fiscale verplichtingen)<br><br>Wij zorgen ervoor dat deze partijen voldoen aan de AVG en passende beveiligingsmaatregelen treffen.<br><br>5. <strong>Reacties op de site<\/strong><br>Als je een reactie achterlaat, verzamelen we de gegevens uit het formulier, je IP-adres en je browser user-agent om spam te helpen detecteren. Je e-mailadres wordt omgezet in een geanonimiseerde hash als je gebruikmaakt van Gravatar.<br><br>6. <strong>Media<\/strong><br>Als je afbeeldingen uploadt, zorg dan dat deze geen locatiegegevens (EXIF GPS) bevatten. Bezoekers kunnen deze informatie anders downloaden.<br><br>7. <strong>Cookies<\/strong><br>Onze website gebruikt functionele en analytische cookies. Daarnaast kunnen cookies geplaatst worden door derden (zoals YouTube of social media) wanneer content is ingesloten.<br><br><strong data-start=\"2942\" data-end=\"2970\">Voorbeelden van cookies:<\/strong><br>&#8211; Bewaren van inloggegevens<br>&#8211; Winkelmand-functionaliteit<br>&#8211; Reactieformulieren<br>&#8211; Analytics (geanonimiseerd)<br><br>Bij je eerste bezoek informeren we je over cookies en vragen we indien nodig om toestemming.<br><br>8. <strong>Ingesloten inhoud van andere sites<\/strong><br>Berichten op deze site kunnen ingesloten inhoud bevatten (bijvoorbeeld video\u2019s of kaarten). Deze gedragen zich alsof je die andere website bezoekt. Die sites kunnen gegevens verzamelen, cookies plaatsen of tracking toepassen.<br><br>9. <strong>Hoe lang we je gegevens bewaren<\/strong><br>&#8211; Reacties: onbeperkt, tenzij je verwijdering aanvraagt<br>&#8211; Klantgegevens: 7 jaar (wettelijke bewaarplicht voor administratie)<br>&#8211; Accountgegevens: zolang je account actief is<br><br>10. <strong>Welke rechten je hebt<\/strong><br>Je hebt het recht om:<br>&#8211; Je gegevens in te zien<br>&#8211; Je gegevens aan te passen of te laten verwijderen<br>&#8211; Bezwaar te maken tegen verwerking<br>&#8211; Een klacht in te dienen bij de Autoriteit Persoonsgegevens<br><br>Je kunt hiervoor contact met ons opnemen via <a href=\"mailto:itsukeladefamke@hotmail.com\">itsukeladefamke@hotmail.com<\/a><br><br>11. <strong>Waar we je gegevens naartoe sturen<\/strong><br>Reacties kunnen worden gecontroleerd via een geautomatiseerde spamdetectieservice. Verder delen wij gegevens alleen zoals hierboven beschreven.<br><br>12. <strong>Beveiliging<\/strong><br>Wij nemen passende beveiligingsmaatregelen om misbruik, verlies en onbevoegde toegang tot jouw gegevens te voorkomen. Onze website maakt gebruik van een beveiligde SSL-verbinding.<\/p>\n<\/div>\n","protected":false},"excerpt":{"rendered":"<p>Privacy verklaring It S\u00fbkelade Famke 1. Wie zijn wijDeze website wordt beheerd door It S\u00fbkelade Famke, gevestigd te Melkemastate 44, 8925 AX Leeuwarden , ingeschreven bij de Kamer van Koophandel onder nummer 92374182Ons website-adres is: https:\/\/www.sukeladefamke.nlVoor vragen kun je contact opnemen via: itsukeladefamke@hotmail.com. 2. Welke persoonsgegevens wij verwerkenWij verwerken je persoonsgegevens wanneer je:&#8211; Een bestelling&hellip;<\/p>\n","protected":false},"author":1,"featured_media":0,"parent":0,"menu_order":0,"comment_status":"closed","ping_status":"open","template":"","meta":{"footnotes":""},"class_list":["post-3","page","type-page","status-publish","hentry"],"yoast_head":"<!-- This site is optimized with the Yoast SEO plugin v27.4 - https:\/\/yoast.com\/product\/yoast-seo-wordpress\/ -->\n<title>Privacystatement - It S\u00fbkelade Famke<\/title>\n<meta name=\"robots\" content=\"index, follow, max-snippet:-1, max-image-preview:large, max-video-preview:-1\" \/>\n<link rel=\"canonical\" href=\"https:\/\/sukeladefamke.nl\/index.php\/privacybeleid\/\" \/>\n<meta property=\"og:locale\" content=\"nl_NL\" \/>\n<meta property=\"og:type\" content=\"article\" \/>\n<meta property=\"og:title\" content=\"Privacystatement - It S\u00fbkelade Famke\" \/>\n<meta property=\"og:description\" content=\"Privacy verklaring It S\u00fbkelade Famke 1. Wie zijn wijDeze website wordt beheerd door It S\u00fbkelade Famke, gevestigd te Melkemastate 44, 8925 AX Leeuwarden , ingeschreven bij de Kamer van Koophandel onder nummer 92374182Ons website-adres is: https:\/\/www.sukeladefamke.nlVoor vragen kun je contact opnemen via: itsukeladefamke@hotmail.com. 2. Welke persoonsgegevens wij verwerkenWij verwerken je persoonsgegevens wanneer je:&#8211; Een bestelling&hellip;\" \/>\n<meta property=\"og:url\" content=\"https:\/\/sukeladefamke.nl\/index.php\/privacybeleid\/\" \/>\n<meta property=\"og:site_name\" content=\"It S\u00fbkelade Famke\" \/>\n<meta property=\"article:modified_time\" content=\"2025-06-28T21:07:29+00:00\" \/>\n<meta name=\"twitter:card\" content=\"summary_large_image\" \/>\n<meta name=\"twitter:label1\" content=\"Geschatte leestijd\" \/>\n\t<meta name=\"twitter:data1\" content=\"2 minuten\" \/>\n<script type=\"application\/ld+json\" class=\"yoast-schema-graph\">{\"@context\":\"https:\\\/\\\/schema.org\",\"@graph\":[{\"@type\":\"WebPage\",\"@id\":\"https:\\\/\\\/sukeladefamke.nl\\\/index.php\\\/privacybeleid\\\/\",\"url\":\"https:\\\/\\\/sukeladefamke.nl\\\/index.php\\\/privacybeleid\\\/\",\"name\":\"Privacystatement - It S\u00fbkelade Famke\",\"isPartOf\":{\"@id\":\"https:\\\/\\\/sukeladefamke.nl\\\/#website\"},\"datePublished\":\"2024-02-19T18:31:56+00:00\",\"dateModified\":\"2025-06-28T21:07:29+00:00\",\"breadcrumb\":{\"@id\":\"https:\\\/\\\/sukeladefamke.nl\\\/index.php\\\/privacybeleid\\\/#breadcrumb\"},\"inLanguage\":\"nl-NL\",\"potentialAction\":[{\"@type\":\"ReadAction\",\"target\":[\"https:\\\/\\\/sukeladefamke.nl\\\/index.php\\\/privacybeleid\\\/\"]}]},{\"@type\":\"BreadcrumbList\",\"@id\":\"https:\\\/\\\/sukeladefamke.nl\\\/index.php\\\/privacybeleid\\\/#breadcrumb\",\"itemListElement\":[{\"@type\":\"ListItem\",\"position\":1,\"name\":\"Home\",\"item\":\"https:\\\/\\\/sukeladefamke.nl\\\/\"},{\"@type\":\"ListItem\",\"position\":2,\"name\":\"Privacystatement\"}]},{\"@type\":\"WebSite\",\"@id\":\"https:\\\/\\\/sukeladefamke.nl\\\/#website\",\"url\":\"https:\\\/\\\/sukeladefamke.nl\\\/\",\"name\":\"It S\u00fbkelade Famke\",\"description\":\"\",\"publisher\":{\"@id\":\"https:\\\/\\\/sukeladefamke.nl\\\/#organization\"},\"potentialAction\":[{\"@type\":\"SearchAction\",\"target\":{\"@type\":\"EntryPoint\",\"urlTemplate\":\"https:\\\/\\\/sukeladefamke.nl\\\/?s={search_term_string}\"},\"query-input\":{\"@type\":\"PropertyValueSpecification\",\"valueRequired\":true,\"valueName\":\"search_term_string\"}}],\"inLanguage\":\"nl-NL\"},{\"@type\":\"Organization\",\"@id\":\"https:\\\/\\\/sukeladefamke.nl\\\/#organization\",\"name\":\"It S\u00fbkelade Famke\",\"url\":\"https:\\\/\\\/sukeladefamke.nl\\\/\",\"logo\":{\"@type\":\"ImageObject\",\"inLanguage\":\"nl-NL\",\"@id\":\"https:\\\/\\\/sukeladefamke.nl\\\/#\\\/schema\\\/logo\\\/image\\\/\",\"url\":\"https:\\\/\\\/sukeladefamke.nl\\\/wp-content\\\/uploads\\\/2024\\\/02\\\/colibri.png\",\"contentUrl\":\"https:\\\/\\\/sukeladefamke.nl\\\/wp-content\\\/uploads\\\/2024\\\/02\\\/colibri.png\",\"width\":2304,\"height\":2363,\"caption\":\"It S\u00fbkelade Famke\"},\"image\":{\"@id\":\"https:\\\/\\\/sukeladefamke.nl\\\/#\\\/schema\\\/logo\\\/image\\\/\"}}]}<\/script>\n<!-- \/ Yoast SEO plugin. -->","yoast_head_json":{"title":"Privacystatement - It S\u00fbkelade Famke","robots":{"index":"index","follow":"follow","max-snippet":"max-snippet:-1","max-image-preview":"max-image-preview:large","max-video-preview":"max-video-preview:-1"},"canonical":"https:\/\/sukeladefamke.nl\/index.php\/privacybeleid\/","og_locale":"nl_NL","og_type":"article","og_title":"Privacystatement - It S\u00fbkelade Famke","og_description":"Privacy verklaring It S\u00fbkelade Famke 1. Wie zijn wijDeze website wordt beheerd door It S\u00fbkelade Famke, gevestigd te Melkemastate 44, 8925 AX Leeuwarden , ingeschreven bij de Kamer van Koophandel onder nummer 92374182Ons website-adres is: https:\/\/www.sukeladefamke.nlVoor vragen kun je contact opnemen via: itsukeladefamke@hotmail.com. 2. Welke persoonsgegevens wij verwerkenWij verwerken je persoonsgegevens wanneer je:&#8211; Een bestelling&hellip;","og_url":"https:\/\/sukeladefamke.nl\/index.php\/privacybeleid\/","og_site_name":"It S\u00fbkelade Famke","article_modified_time":"2025-06-28T21:07:29+00:00","twitter_card":"summary_large_image","twitter_misc":{"Geschatte leestijd":"2 minuten"},"schema":{"@context":"https:\/\/schema.org","@graph":[{"@type":"WebPage","@id":"https:\/\/sukeladefamke.nl\/index.php\/privacybeleid\/","url":"https:\/\/sukeladefamke.nl\/index.php\/privacybeleid\/","name":"Privacystatement - It S\u00fbkelade Famke","isPartOf":{"@id":"https:\/\/sukeladefamke.nl\/#website"},"datePublished":"2024-02-19T18:31:56+00:00","dateModified":"2025-06-28T21:07:29+00:00","breadcrumb":{"@id":"https:\/\/sukeladefamke.nl\/index.php\/privacybeleid\/#breadcrumb"},"inLanguage":"nl-NL","potentialAction":[{"@type":"ReadAction","target":["https:\/\/sukeladefamke.nl\/index.php\/privacybeleid\/"]}]},{"@type":"BreadcrumbList","@id":"https:\/\/sukeladefamke.nl\/index.php\/privacybeleid\/#breadcrumb","itemListElement":[{"@type":"ListItem","position":1,"name":"Home","item":"https:\/\/sukeladefamke.nl\/"},{"@type":"ListItem","position":2,"name":"Privacystatement"}]},{"@type":"WebSite","@id":"https:\/\/sukeladefamke.nl\/#website","url":"https:\/\/sukeladefamke.nl\/","name":"It S\u00fbkelade Famke","description":"","publisher":{"@id":"https:\/\/sukeladefamke.nl\/#organization"},"potentialAction":[{"@type":"SearchAction","target":{"@type":"EntryPoint","urlTemplate":"https:\/\/sukeladefamke.nl\/?s={search_term_string}"},"query-input":{"@type":"PropertyValueSpecification","valueRequired":true,"valueName":"search_term_string"}}],"inLanguage":"nl-NL"},{"@type":"Organization","@id":"https:\/\/sukeladefamke.nl\/#organization","name":"It S\u00fbkelade Famke","url":"https:\/\/sukeladefamke.nl\/","logo":{"@type":"ImageObject","inLanguage":"nl-NL","@id":"https:\/\/sukeladefamke.nl\/#\/schema\/logo\/image\/","url":"https:\/\/sukeladefamke.nl\/wp-content\/uploads\/2024\/02\/colibri.png","contentUrl":"https:\/\/sukeladefamke.nl\/wp-content\/uploads\/2024\/02\/colibri.png","width":2304,"height":2363,"caption":"It S\u00fbkelade Famke"},"image":{"@id":"https:\/\/sukeladefamke.nl\/#\/schema\/logo\/image\/"}}]}},"_links":{"self":[{"href":"https:\/\/sukeladefamke.nl\/index.php\/wp-json\/wp\/v2\/pages\/3","targetHints":{"allow":["GET"]}}],"collection":[{"href":"https:\/\/sukeladefamke.nl\/index.php\/wp-json\/wp\/v2\/pages"}],"about":[{"href":"https:\/\/sukeladefamke.nl\/index.php\/wp-json\/wp\/v2\/types\/page"}],"author":[{"embeddable":true,"href":"https:\/\/sukeladefamke.nl\/index.php\/wp-json\/wp\/v2\/users\/1"}],"replies":[{"embeddable":true,"href":"https:\/\/sukeladefamke.nl\/index.php\/wp-json\/wp\/v2\/comments?post=3"}],"version-history":[{"count":7,"href":"https:\/\/sukeladefamke.nl\/index.php\/wp-json\/wp\/v2\/pages\/3\/revisions"}],"predecessor-version":[{"id":701,"href":"https:\/\/sukeladefamke.nl\/index.php\/wp-json\/wp\/v2\/pages\/3\/revisions\/701"}],"wp:attachment":[{"href":"https:\/\/sukeladefamke.nl\/index.php\/wp-json\/wp\/v2\/media?parent=3"}],"curies":[{"name":"wp","href":"https:\/\/api.w.org\/{rel}","templated":true}]}}