{"id":1211,"date":"2025-08-13T08:23:44","date_gmt":"2025-08-13T06:23:44","guid":{"rendered":"https:\/\/sukeladefamke.nl\/?page_id=1211"},"modified":"2025-10-29T22:49:58","modified_gmt":"2025-10-29T21:49:58","slug":"it-sukelade-famke-handwerklich-hergestellter-kaffee-und-kakao-aus-peru","status":"publish","type":"page","link":"https:\/\/sukeladefamke.nl\/index.php\/de\/it-sukelade-famke-handwerklich-hergestellter-kaffee-und-kakao-aus-peru\/","title":{"rendered":"Over It S\u00fbkelade Famke &#8211; Deutch"},"content":{"rendered":"\n<div class=\"wp-block-group alignfull has-base-background-color has-background has-extra-small-font-size has-global-padding is-layout-constrained wp-block-group-is-layout-constrained\">\n<h1 class=\"wp-block-heading\">\u00dcber It S\u00fbkelade Famke &#8211; Handwerklich hergestellter Kaffee und Kakao aus Peru<\/h1>\n\n\n\n<div class=\"wp-block-columns is-layout-flex wp-container-core-columns-is-layout-28f84493 wp-block-columns-is-layout-flex\">\n<div class=\"wp-block-column is-layout-flow wp-block-column-is-layout-flow\" style=\"flex-basis:50%\">\n<p class=\"has-small-font-size\">It S\u00fbkelade Famke ist ein junges, kleines Unternehmen aus Leeuwarden, das sich auf den Import und Verkauf von handwerklich hergestelltem Kaffee und Kakao aus Peru spezialisiert hat. Was als Liebe zu reinem Kakao begann, entwickelte sich zu einer Leidenschaft f\u00fcr charaktervolle Bohnen, die alle direkt aus Peru stammen.<\/p>\n<\/div>\n\n\n\n<div class=\"wp-block-column is-layout-flow wp-block-column-is-layout-flow\" style=\"flex-basis:50%\">\n<figure class=\"wp-block-image aligncenter size-large is-resized\"><img loading=\"lazy\" decoding=\"async\" width=\"1024\" height=\"574\" src=\"https:\/\/sukeladefamke.nl\/wp-content\/uploads\/2025\/06\/geroosterde-koffiebonen-1024x574.png\" alt=\"Gebrande koffiebonen\" class=\"wp-image-576\" style=\"width:278px;height:auto\" srcset=\"https:\/\/sukeladefamke.nl\/wp-content\/uploads\/2025\/06\/geroosterde-koffiebonen-1024x574.png 1024w, https:\/\/sukeladefamke.nl\/wp-content\/uploads\/2025\/06\/geroosterde-koffiebonen-300x168.png 300w, https:\/\/sukeladefamke.nl\/wp-content\/uploads\/2025\/06\/geroosterde-koffiebonen-768x430.png 768w, https:\/\/sukeladefamke.nl\/wp-content\/uploads\/2025\/06\/geroosterde-koffiebonen-1320x740.png 1320w, https:\/\/sukeladefamke.nl\/wp-content\/uploads\/2025\/06\/geroosterde-koffiebonen-600x336.png 600w, https:\/\/sukeladefamke.nl\/wp-content\/uploads\/2025\/06\/geroosterde-koffiebonen.png 1456w\" sizes=\"auto, (max-width: 1024px) 100vw, 1024px\" \/><\/figure>\n<\/div>\n<\/div>\n\n\n\n<p><\/p>\n\n\n\n<div class=\"wp-block-columns is-layout-flex wp-container-core-columns-is-layout-28f84493 wp-block-columns-is-layout-flex\">\n<div class=\"wp-block-column is-layout-flow wp-block-column-is-layout-flow\" style=\"flex-basis:50%\">\n<figure class=\"wp-block-image aligncenter size-full is-resized\"><img loading=\"lazy\" decoding=\"async\" width=\"315\" height=\"315\" src=\"https:\/\/sukeladefamke.nl\/wp-content\/uploads\/2025\/06\/peruaanse-boer-plukt-en-sorteer-rijoe-koffiecherries.jpeg\" alt=\"Peruaanse boer plukt en sorteert rijpe koffiecherries\" class=\"wp-image-570\" style=\"width:262px;height:auto\" srcset=\"https:\/\/sukeladefamke.nl\/wp-content\/uploads\/2025\/06\/peruaanse-boer-plukt-en-sorteer-rijoe-koffiecherries.jpeg 315w, https:\/\/sukeladefamke.nl\/wp-content\/uploads\/2025\/06\/peruaanse-boer-plukt-en-sorteer-rijoe-koffiecherries-300x300.jpeg 300w, https:\/\/sukeladefamke.nl\/wp-content\/uploads\/2025\/06\/peruaanse-boer-plukt-en-sorteer-rijoe-koffiecherries-150x150.jpeg 150w, https:\/\/sukeladefamke.nl\/wp-content\/uploads\/2025\/06\/peruaanse-boer-plukt-en-sorteer-rijoe-koffiecherries-100x100.jpeg 100w\" sizes=\"auto, (max-width: 315px) 100vw, 315px\" \/><\/figure>\n<\/div>\n\n\n\n<div class=\"wp-block-column is-layout-flow wp-block-column-is-layout-flow\" style=\"flex-basis:50%\">\n<h3 class=\"wp-block-heading\">Direkte Zusammenarbeit mit Bauern in Peru<\/h3>\n\n\n\n<p class=\"has-small-font-size\">Wir beziehen unseren handwerklich hergestellten Kaffee und Kakao ausschlie\u00dflich von Kleinproduzenten aus den fruchtbaren Regionen Perus, mit denen wir direkt zusammenarbeiten. Das gew\u00e4hrleistet fairen Handel, vollst\u00e4ndige Transparenz entlang der gesamten Lieferkette und gleichbleibende Qualit\u00e4t. Unsere Beziehungen zu den Bauern sind pers\u00f6nlich, und das schmeckt man in jedem Produkt..<\/p>\n<\/div>\n<\/div>\n\n\n\n<p><\/p>\n\n\n\n<div class=\"wp-block-columns is-layout-flex wp-container-core-columns-is-layout-28f84493 wp-block-columns-is-layout-flex\">\n<div class=\"wp-block-column is-layout-flow wp-block-column-is-layout-flow\" style=\"flex-basis:50%\">\n<h3 class=\"wp-block-heading\">Hochwertige Kaffeebohnen; Rohkaffee oder ger\u00f6stet<\/h3>\n\n\n\n<p class=\"has-small-font-size\">Unsere Kaffeebohnen sind ausschlie\u00dflich Arabica und werden sorgf\u00e4ltig ausgew\u00e4hlt. Sie sind als unger\u00f6stete Rohbohnen f\u00fcr den Heimr\u00f6ster und als frisch ger\u00f6steter Kaffee erh\u00e4ltlich, den wir in kleinen Chargen selbst r\u00f6sten.<br>Wir bieten Qualit\u00e4tsbohnen mit einem unverwechselbaren Geschmacksprofil: fruchtig mit Nussnoten.<\/p>\n\n\n\n<p class=\"has-small-font-size\">.<\/p>\n<\/div>\n\n\n\n<div class=\"wp-block-column is-layout-flow wp-block-column-is-layout-flow\" style=\"flex-basis:50%\">\n<figure class=\"wp-block-image aligncenter size-full is-resized\"><img loading=\"lazy\" decoding=\"async\" width=\"292\" height=\"292\" src=\"https:\/\/sukeladefamke.nl\/wp-content\/uploads\/2025\/06\/koffiebonen-in-roostermachine.jpeg\" alt=\"Koffiebonen in een koffiebrander machine\" class=\"wp-image-571\" style=\"width:242px;height:auto\" srcset=\"https:\/\/sukeladefamke.nl\/wp-content\/uploads\/2025\/06\/koffiebonen-in-roostermachine.jpeg 292w, https:\/\/sukeladefamke.nl\/wp-content\/uploads\/2025\/06\/koffiebonen-in-roostermachine-150x150.jpeg 150w, https:\/\/sukeladefamke.nl\/wp-content\/uploads\/2025\/06\/koffiebonen-in-roostermachine-100x100.jpeg 100w\" sizes=\"auto, (max-width: 292px) 100vw, 292px\" \/><\/figure>\n<\/div>\n<\/div>\n\n\n\n<p><\/p>\n\n\n\n<div class=\"wp-block-columns is-layout-flex wp-container-core-columns-is-layout-28f84493 wp-block-columns-is-layout-flex\">\n<div class=\"wp-block-column is-layout-flow wp-block-column-is-layout-flow\" style=\"flex-basis:50%\">\n<figure class=\"wp-block-image aligncenter size-full is-resized\"><img loading=\"lazy\" decoding=\"async\" width=\"474\" height=\"474\" src=\"https:\/\/sukeladefamke.nl\/wp-content\/uploads\/2025\/06\/bean-to-bar-caco-en-chocola.jpeg\" alt=\"bean-to-bar caco naar chocolade\" class=\"wp-image-572\" style=\"width:275px;height:auto\" srcset=\"https:\/\/sukeladefamke.nl\/wp-content\/uploads\/2025\/06\/bean-to-bar-caco-en-chocola.jpeg 474w, https:\/\/sukeladefamke.nl\/wp-content\/uploads\/2025\/06\/bean-to-bar-caco-en-chocola-300x300.jpeg 300w, https:\/\/sukeladefamke.nl\/wp-content\/uploads\/2025\/06\/bean-to-bar-caco-en-chocola-150x150.jpeg 150w, https:\/\/sukeladefamke.nl\/wp-content\/uploads\/2025\/06\/bean-to-bar-caco-en-chocola-100x100.jpeg 100w\" sizes=\"auto, (max-width: 474px) 100vw, 474px\" \/><\/figure>\n<\/div>\n\n\n\n<div class=\"wp-block-column is-layout-flow wp-block-column-is-layout-flow\" style=\"flex-basis:50%\">\n<h2 class=\"wp-block-heading\">Kakaobohnen f\u00fcr Schokoladenhersteller<\/h2>\n\n\n\n<p class=\"has-small-font-size\">Auch unsere Criollo Kakaobohnen stammen direkt aus Peru. Sie sind ideal f\u00fcr Bean-to-Bar-Schokoladenhersteller oder Liebhaber von reinem, naturbelassenem Kakao mit Charakter. Die Bohnen werden schonend fermentiert und getrocknet und sind l\u00fcckenlos bis zu ihrem Ursprung r\u00fcckverfolgbar. Perfekt f\u00fcr alle, die mit hochwertigem, naturbelassenem Kakao arbeiten.<\/p>\n<\/div>\n<\/div>\n\n\n\n<p><\/p>\n\n\n\n<div class=\"wp-block-columns is-layout-flex wp-container-core-columns-is-layout-28f84493 wp-block-columns-is-layout-flex\">\n<div class=\"wp-block-column is-layout-flow wp-block-column-is-layout-flow\" style=\"flex-basis:50%\">\n<h3 class=\"wp-block-heading\">Handwerkskunst, Qualit\u00e4t und ein kleines Sortiment<\/h3>\n\n\n\n<p class=\"has-small-font-size\">Als junges, kleines Unternehmen halten wir unser Sortiment bewusst \u00fcberschaubar. Alles, was wir verkaufen, ist sorgf\u00e4ltig kuratiert, hochwertig und mit einer klaren Geschichte \u00fcber Herkunft und Hersteller versehen.<\/p>\n<\/div>\n\n\n\n<div class=\"wp-block-column is-layout-flow wp-block-column-is-layout-flow\" style=\"flex-basis:50%\">\n<figure class=\"wp-block-image aligncenter size-full is-resized\"><img loading=\"lazy\" decoding=\"async\" width=\"474\" height=\"474\" src=\"https:\/\/sukeladefamke.nl\/wp-content\/uploads\/2025\/06\/cadeauverpakking-koffie.jpeg\" alt=\"Koffie verpakt in eco verpakking\" class=\"wp-image-573\" style=\"width:265px;height:auto\" srcset=\"https:\/\/sukeladefamke.nl\/wp-content\/uploads\/2025\/06\/cadeauverpakking-koffie.jpeg 474w, https:\/\/sukeladefamke.nl\/wp-content\/uploads\/2025\/06\/cadeauverpakking-koffie-300x300.jpeg 300w, https:\/\/sukeladefamke.nl\/wp-content\/uploads\/2025\/06\/cadeauverpakking-koffie-150x150.jpeg 150w, https:\/\/sukeladefamke.nl\/wp-content\/uploads\/2025\/06\/cadeauverpakking-koffie-100x100.jpeg 100w\" sizes=\"auto, (max-width: 474px) 100vw, 474px\" \/><\/figure>\n<\/div>\n<\/div>\n\n\n\n<p><\/p>\n\n\n\n<h3 class=\"wp-block-heading\">M\u00f6chten Sie mehr erfahren? Kontaktieren Sie uns<\/h3>\n\n\n\n<p>M\u00f6chten Sie mehr \u00fcber unseren Direct-Trade-Kaffee oder Kakao erfahren? Oder haben Sie Fragen zu Bewerbung, Lieferung oder Zusammenarbeit? Wir helfen Ihnen gerne pers\u00f6nlich weiter. Bitte <a href=\"https:\/\/sukeladefamke.nl\/index.php\/contact\/\">kontaktieren<\/a> Sie dann It S\u00fbkelade Famke.<\/p>\n<\/div>\n","protected":false},"excerpt":{"rendered":"<p>\u00dcber It S\u00fbkelade Famke &#8211; Handwerklich hergestellter Kaffee und Kakao aus Peru It S\u00fbkelade Famke ist ein junges, kleines Unternehmen aus Leeuwarden, das sich auf den Import und Verkauf von handwerklich hergestelltem Kaffee und Kakao aus Peru spezialisiert hat. Was als Liebe zu reinem Kakao begann, entwickelte sich zu einer Leidenschaft f\u00fcr charaktervolle Bohnen, die&hellip;<\/p>\n","protected":false},"author":1,"featured_media":0,"parent":0,"menu_order":0,"comment_status":"closed","ping_status":"closed","template":"","meta":{"footnotes":""},"class_list":["post-1211","page","type-page","status-publish","hentry"],"yoast_head":"<!-- This site is optimized with the Yoast SEO plugin v27.3 - https:\/\/yoast.com\/product\/yoast-seo-wordpress\/ -->\n<title>handwerklich hergestellter Kaffee und Kakao | It S\u00fbkelade Famke<\/title>\n<meta name=\"description\" content=\"Kaffee und Kakao aus Peru. Direkthandel, handwerklich hergestellter Kaffee und Kakao und mit einer fairen Geschichte.\" \/>\n<meta name=\"robots\" content=\"index, follow, max-snippet:-1, max-image-preview:large, max-video-preview:-1\" \/>\n<link rel=\"canonical\" href=\"https:\/\/sukeladefamke.nl\/index.php\/de\/it-sukelade-famke-handwerklich-hergestellter-kaffee-und-kakao-aus-peru\/\" \/>\n<meta property=\"og:locale\" content=\"nl_NL\" \/>\n<meta property=\"og:type\" content=\"article\" \/>\n<meta property=\"og:title\" content=\"handwerklich hergestellter Kaffee und Kakao | It S\u00fbkelade Famke\" \/>\n<meta property=\"og:description\" content=\"Kaffee und Kakao aus Peru. Direkthandel, handwerklich hergestellter Kaffee und Kakao und mit einer fairen Geschichte.\" \/>\n<meta property=\"og:url\" content=\"https:\/\/sukeladefamke.nl\/index.php\/de\/it-sukelade-famke-handwerklich-hergestellter-kaffee-und-kakao-aus-peru\/\" \/>\n<meta property=\"og:site_name\" content=\"It S\u00fbkelade Famke\" \/>\n<meta property=\"article:modified_time\" content=\"2025-10-29T21:49:58+00:00\" \/>\n<meta property=\"og:image\" content=\"https:\/\/sukeladefamke.nl\/wp-content\/uploads\/2025\/06\/geroosterde-koffiebonen.png\" \/>\n\t<meta property=\"og:image:width\" content=\"1456\" \/>\n\t<meta property=\"og:image:height\" content=\"816\" \/>\n\t<meta property=\"og:image:type\" content=\"image\/png\" \/>\n<meta name=\"twitter:card\" content=\"summary_large_image\" \/>\n<meta name=\"twitter:label1\" content=\"Geschatte leestijd\" \/>\n\t<meta name=\"twitter:data1\" content=\"3 minuten\" \/>\n<script type=\"application\/ld+json\" class=\"yoast-schema-graph\">{\"@context\":\"https:\\\/\\\/schema.org\",\"@graph\":[{\"@type\":\"WebPage\",\"@id\":\"https:\\\/\\\/sukeladefamke.nl\\\/index.php\\\/de\\\/it-sukelade-famke-handwerklich-hergestellter-kaffee-und-kakao-aus-peru\\\/\",\"url\":\"https:\\\/\\\/sukeladefamke.nl\\\/index.php\\\/de\\\/it-sukelade-famke-handwerklich-hergestellter-kaffee-und-kakao-aus-peru\\\/\",\"name\":\"handwerklich hergestellter Kaffee und Kakao | It S\u00fbkelade Famke\",\"isPartOf\":{\"@id\":\"https:\\\/\\\/sukeladefamke.nl\\\/#website\"},\"primaryImageOfPage\":{\"@id\":\"https:\\\/\\\/sukeladefamke.nl\\\/index.php\\\/de\\\/it-sukelade-famke-handwerklich-hergestellter-kaffee-und-kakao-aus-peru\\\/#primaryimage\"},\"image\":{\"@id\":\"https:\\\/\\\/sukeladefamke.nl\\\/index.php\\\/de\\\/it-sukelade-famke-handwerklich-hergestellter-kaffee-und-kakao-aus-peru\\\/#primaryimage\"},\"thumbnailUrl\":\"https:\\\/\\\/sukeladefamke.nl\\\/wp-content\\\/uploads\\\/2025\\\/06\\\/geroosterde-koffiebonen-1024x574.png\",\"datePublished\":\"2025-08-13T06:23:44+00:00\",\"dateModified\":\"2025-10-29T21:49:58+00:00\",\"description\":\"Kaffee und Kakao aus Peru. Direkthandel, handwerklich hergestellter Kaffee und Kakao und mit einer fairen Geschichte.\",\"breadcrumb\":{\"@id\":\"https:\\\/\\\/sukeladefamke.nl\\\/index.php\\\/de\\\/it-sukelade-famke-handwerklich-hergestellter-kaffee-und-kakao-aus-peru\\\/#breadcrumb\"},\"inLanguage\":\"nl-NL\",\"potentialAction\":[{\"@type\":\"ReadAction\",\"target\":[\"https:\\\/\\\/sukeladefamke.nl\\\/index.php\\\/de\\\/it-sukelade-famke-handwerklich-hergestellter-kaffee-und-kakao-aus-peru\\\/\"]}]},{\"@type\":\"ImageObject\",\"inLanguage\":\"nl-NL\",\"@id\":\"https:\\\/\\\/sukeladefamke.nl\\\/index.php\\\/de\\\/it-sukelade-famke-handwerklich-hergestellter-kaffee-und-kakao-aus-peru\\\/#primaryimage\",\"url\":\"https:\\\/\\\/sukeladefamke.nl\\\/wp-content\\\/uploads\\\/2025\\\/06\\\/geroosterde-koffiebonen.png\",\"contentUrl\":\"https:\\\/\\\/sukeladefamke.nl\\\/wp-content\\\/uploads\\\/2025\\\/06\\\/geroosterde-koffiebonen.png\",\"width\":1456,\"height\":816,\"caption\":\"Gebrande koffiebonen\"},{\"@type\":\"BreadcrumbList\",\"@id\":\"https:\\\/\\\/sukeladefamke.nl\\\/index.php\\\/de\\\/it-sukelade-famke-handwerklich-hergestellter-kaffee-und-kakao-aus-peru\\\/#breadcrumb\",\"itemListElement\":[{\"@type\":\"ListItem\",\"position\":1,\"name\":\"Home\",\"item\":\"https:\\\/\\\/sukeladefamke.nl\\\/\"},{\"@type\":\"ListItem\",\"position\":2,\"name\":\"Over It S\u00fbkelade Famke &#8211; Deutch\"}]},{\"@type\":\"WebSite\",\"@id\":\"https:\\\/\\\/sukeladefamke.nl\\\/#website\",\"url\":\"https:\\\/\\\/sukeladefamke.nl\\\/\",\"name\":\"It S\u00fbkelade Famke\",\"description\":\"\",\"publisher\":{\"@id\":\"https:\\\/\\\/sukeladefamke.nl\\\/#organization\"},\"potentialAction\":[{\"@type\":\"SearchAction\",\"target\":{\"@type\":\"EntryPoint\",\"urlTemplate\":\"https:\\\/\\\/sukeladefamke.nl\\\/?s={search_term_string}\"},\"query-input\":{\"@type\":\"PropertyValueSpecification\",\"valueRequired\":true,\"valueName\":\"search_term_string\"}}],\"inLanguage\":\"nl-NL\"},{\"@type\":\"Organization\",\"@id\":\"https:\\\/\\\/sukeladefamke.nl\\\/#organization\",\"name\":\"It S\u00fbkelade Famke\",\"url\":\"https:\\\/\\\/sukeladefamke.nl\\\/\",\"logo\":{\"@type\":\"ImageObject\",\"inLanguage\":\"nl-NL\",\"@id\":\"https:\\\/\\\/sukeladefamke.nl\\\/#\\\/schema\\\/logo\\\/image\\\/\",\"url\":\"https:\\\/\\\/sukeladefamke.nl\\\/wp-content\\\/uploads\\\/2024\\\/02\\\/colibri.png\",\"contentUrl\":\"https:\\\/\\\/sukeladefamke.nl\\\/wp-content\\\/uploads\\\/2024\\\/02\\\/colibri.png\",\"width\":2304,\"height\":2363,\"caption\":\"It S\u00fbkelade Famke\"},\"image\":{\"@id\":\"https:\\\/\\\/sukeladefamke.nl\\\/#\\\/schema\\\/logo\\\/image\\\/\"}}]}<\/script>\n<!-- \/ Yoast SEO plugin. -->","yoast_head_json":{"title":"handwerklich hergestellter Kaffee und Kakao | It S\u00fbkelade Famke","description":"Kaffee und Kakao aus Peru. Direkthandel, handwerklich hergestellter Kaffee und Kakao und mit einer fairen Geschichte.","robots":{"index":"index","follow":"follow","max-snippet":"max-snippet:-1","max-image-preview":"max-image-preview:large","max-video-preview":"max-video-preview:-1"},"canonical":"https:\/\/sukeladefamke.nl\/index.php\/de\/it-sukelade-famke-handwerklich-hergestellter-kaffee-und-kakao-aus-peru\/","og_locale":"nl_NL","og_type":"article","og_title":"handwerklich hergestellter Kaffee und Kakao | It S\u00fbkelade Famke","og_description":"Kaffee und Kakao aus Peru. Direkthandel, handwerklich hergestellter Kaffee und Kakao und mit einer fairen Geschichte.","og_url":"https:\/\/sukeladefamke.nl\/index.php\/de\/it-sukelade-famke-handwerklich-hergestellter-kaffee-und-kakao-aus-peru\/","og_site_name":"It S\u00fbkelade Famke","article_modified_time":"2025-10-29T21:49:58+00:00","og_image":[{"width":1456,"height":816,"url":"https:\/\/sukeladefamke.nl\/wp-content\/uploads\/2025\/06\/geroosterde-koffiebonen.png","type":"image\/png"}],"twitter_card":"summary_large_image","twitter_misc":{"Geschatte leestijd":"3 minuten"},"schema":{"@context":"https:\/\/schema.org","@graph":[{"@type":"WebPage","@id":"https:\/\/sukeladefamke.nl\/index.php\/de\/it-sukelade-famke-handwerklich-hergestellter-kaffee-und-kakao-aus-peru\/","url":"https:\/\/sukeladefamke.nl\/index.php\/de\/it-sukelade-famke-handwerklich-hergestellter-kaffee-und-kakao-aus-peru\/","name":"handwerklich hergestellter Kaffee und Kakao | It S\u00fbkelade Famke","isPartOf":{"@id":"https:\/\/sukeladefamke.nl\/#website"},"primaryImageOfPage":{"@id":"https:\/\/sukeladefamke.nl\/index.php\/de\/it-sukelade-famke-handwerklich-hergestellter-kaffee-und-kakao-aus-peru\/#primaryimage"},"image":{"@id":"https:\/\/sukeladefamke.nl\/index.php\/de\/it-sukelade-famke-handwerklich-hergestellter-kaffee-und-kakao-aus-peru\/#primaryimage"},"thumbnailUrl":"https:\/\/sukeladefamke.nl\/wp-content\/uploads\/2025\/06\/geroosterde-koffiebonen-1024x574.png","datePublished":"2025-08-13T06:23:44+00:00","dateModified":"2025-10-29T21:49:58+00:00","description":"Kaffee und Kakao aus Peru. Direkthandel, handwerklich hergestellter Kaffee und Kakao und mit einer fairen Geschichte.","breadcrumb":{"@id":"https:\/\/sukeladefamke.nl\/index.php\/de\/it-sukelade-famke-handwerklich-hergestellter-kaffee-und-kakao-aus-peru\/#breadcrumb"},"inLanguage":"nl-NL","potentialAction":[{"@type":"ReadAction","target":["https:\/\/sukeladefamke.nl\/index.php\/de\/it-sukelade-famke-handwerklich-hergestellter-kaffee-und-kakao-aus-peru\/"]}]},{"@type":"ImageObject","inLanguage":"nl-NL","@id":"https:\/\/sukeladefamke.nl\/index.php\/de\/it-sukelade-famke-handwerklich-hergestellter-kaffee-und-kakao-aus-peru\/#primaryimage","url":"https:\/\/sukeladefamke.nl\/wp-content\/uploads\/2025\/06\/geroosterde-koffiebonen.png","contentUrl":"https:\/\/sukeladefamke.nl\/wp-content\/uploads\/2025\/06\/geroosterde-koffiebonen.png","width":1456,"height":816,"caption":"Gebrande koffiebonen"},{"@type":"BreadcrumbList","@id":"https:\/\/sukeladefamke.nl\/index.php\/de\/it-sukelade-famke-handwerklich-hergestellter-kaffee-und-kakao-aus-peru\/#breadcrumb","itemListElement":[{"@type":"ListItem","position":1,"name":"Home","item":"https:\/\/sukeladefamke.nl\/"},{"@type":"ListItem","position":2,"name":"Over It S\u00fbkelade Famke &#8211; Deutch"}]},{"@type":"WebSite","@id":"https:\/\/sukeladefamke.nl\/#website","url":"https:\/\/sukeladefamke.nl\/","name":"It S\u00fbkelade Famke","description":"","publisher":{"@id":"https:\/\/sukeladefamke.nl\/#organization"},"potentialAction":[{"@type":"SearchAction","target":{"@type":"EntryPoint","urlTemplate":"https:\/\/sukeladefamke.nl\/?s={search_term_string}"},"query-input":{"@type":"PropertyValueSpecification","valueRequired":true,"valueName":"search_term_string"}}],"inLanguage":"nl-NL"},{"@type":"Organization","@id":"https:\/\/sukeladefamke.nl\/#organization","name":"It S\u00fbkelade Famke","url":"https:\/\/sukeladefamke.nl\/","logo":{"@type":"ImageObject","inLanguage":"nl-NL","@id":"https:\/\/sukeladefamke.nl\/#\/schema\/logo\/image\/","url":"https:\/\/sukeladefamke.nl\/wp-content\/uploads\/2024\/02\/colibri.png","contentUrl":"https:\/\/sukeladefamke.nl\/wp-content\/uploads\/2024\/02\/colibri.png","width":2304,"height":2363,"caption":"It S\u00fbkelade Famke"},"image":{"@id":"https:\/\/sukeladefamke.nl\/#\/schema\/logo\/image\/"}}]}},"_links":{"self":[{"href":"https:\/\/sukeladefamke.nl\/index.php\/wp-json\/wp\/v2\/pages\/1211","targetHints":{"allow":["GET"]}}],"collection":[{"href":"https:\/\/sukeladefamke.nl\/index.php\/wp-json\/wp\/v2\/pages"}],"about":[{"href":"https:\/\/sukeladefamke.nl\/index.php\/wp-json\/wp\/v2\/types\/page"}],"author":[{"embeddable":true,"href":"https:\/\/sukeladefamke.nl\/index.php\/wp-json\/wp\/v2\/users\/1"}],"replies":[{"embeddable":true,"href":"https:\/\/sukeladefamke.nl\/index.php\/wp-json\/wp\/v2\/comments?post=1211"}],"version-history":[{"count":3,"href":"https:\/\/sukeladefamke.nl\/index.php\/wp-json\/wp\/v2\/pages\/1211\/revisions"}],"predecessor-version":[{"id":1421,"href":"https:\/\/sukeladefamke.nl\/index.php\/wp-json\/wp\/v2\/pages\/1211\/revisions\/1421"}],"wp:attachment":[{"href":"https:\/\/sukeladefamke.nl\/index.php\/wp-json\/wp\/v2\/media?parent=1211"}],"curies":[{"name":"wp","href":"https:\/\/api.w.org\/{rel}","templated":true}]}}