{"id":1206,"date":"2025-08-13T07:41:08","date_gmt":"2025-08-13T05:41:08","guid":{"rendered":"https:\/\/sukeladefamke.nl\/?page_id=1206"},"modified":"2025-08-13T12:10:54","modified_gmt":"2025-08-13T10:10:54","slug":"bestellen-deutch","status":"publish","type":"page","link":"https:\/\/sukeladefamke.nl\/index.php\/de\/bestellen-deutch\/","title":{"rendered":"Bestellen &#8211; Deutch"},"content":{"rendered":"\n<div class=\"wp-block-group has-base-background-color has-background has-extra-small-font-size has-global-padding is-layout-constrained wp-block-group-is-layout-constrained\">\n<h2 class=\"wp-block-heading\">Kaffee oder Kakao bestellen bei It S\u00fbkelade Famke<\/h2>\n\n\n\n<div class=\"wp-block-columns is-layout-flex wp-container-core-columns-is-layout-28f84493 wp-block-columns-is-layout-flex\">\n<div class=\"wp-block-column has-vivid-green-cyan-background-color has-background is-layout-flow wp-block-column-is-layout-flow\" style=\"border-radius:10px\">\n<h2 class=\"wp-block-heading has-text-align-center\">1.<\/h2>\n\n\n\n<p class=\"has-text-align-center\">Angebot f\u00fcr Kaffee oder Kakao anfordern<\/p>\n<\/div>\n\n\n\n<div class=\"wp-block-column has-light-green-cyan-background-color has-background is-layout-flow wp-block-column-is-layout-flow\" style=\"border-radius:10px\">\n<h2 class=\"wp-block-heading has-text-align-center\">2.<\/h2>\n\n\n\n<p class=\"has-text-align-center\">Es schickt Ihnen It S\u00fbkelade Famke einen Vorschlag<\/p>\n<\/div>\n\n\n\n<div class=\"wp-block-column has-vivid-green-cyan-background-color has-background is-layout-flow wp-block-column-is-layout-flow\" style=\"border-radius:10px\">\n<h2 class=\"wp-block-heading has-text-align-center\">3.<\/h2>\n\n\n\n<p class=\"has-text-align-center\">Sehen Sie sich den Vorschlag an und kontaktieren Sie uns, wenn Sie Fragen haben<\/p>\n<\/div>\n\n\n\n<div class=\"wp-block-column has-light-green-cyan-background-color has-background is-layout-flow wp-block-column-is-layout-flow\" style=\"border-radius:10px\">\n<h2 class=\"wp-block-heading has-text-align-center\">4.<\/h2>\n\n\n\n<p class=\"has-text-align-center\">Nach der Freigabe schlie\u00dfen wir Ihre Bestellung ab<\/p>\n<\/div>\n<\/div>\n\n\n\n<div class=\"wp-block-columns is-layout-flex wp-container-core-columns-is-layout-28f84493 wp-block-columns-is-layout-flex\">\n<div class=\"wp-block-column is-layout-flow wp-block-column-is-layout-flow\">\n<h2 class=\"wp-block-heading\">Ein Angebot anfordern<\/h2>\n\n\n<noscript class=\"ninja-forms-noscript-message\">\n\tBericht: JavaScript is vereist voor deze inhoud.<\/noscript>\n<div id=\"nf-form-6-cont\" class=\"nf-form-cont\" aria-live=\"polite\" aria-labelledby=\"nf-form-title-6\" aria-describedby=\"nf-form-errors-6\" role=\"form\">\n\n    <div class=\"nf-loading-spinner\"><\/div>\n\n<\/div>\n        <!-- That data is being printed as a workaround to page builders reordering the order of the scripts loaded-->\n        <script>var formDisplay=1;var nfForms=nfForms||[];var form=[];form.id='6';form.settings={\"objectType\":\"Form Setting\",\"editActive\":true,\"title\":\"Offerte Aanvraag - Deutsch\",\"created_at\":\"2025-08-13 10:02:42\",\"default_label_pos\":\"above\",\"show_title\":\"0\",\"clear_complete\":\"1\",\"hide_complete\":\"1\",\"logged_in\":\"\",\"wrapper_class\":\"\",\"element_class\":\"\",\"form_title_heading_level\":\"3\",\"key\":\"\",\"add_submit\":\"1\",\"currency\":\"\",\"unique_field_error\":\"Een formulier met deze waarde bestaat al.\",\"not_logged_in_msg\":\"\",\"sub_limit_msg\":\"Het formulier heeft de inzend limiet bereikt.\",\"calculations\":[],\"formContentData\":[\"name_1755079426665\",\"name_der_firma_1755079464509\",\"e-mail-adresse_1755080217768\",\"telefon_1755079531606\",\"interesse_an_1755079569684\",\"nachricht_1755080252199\",\"schicken_1755079696483\"],\"changeEmailErrorMsg\":\"Voer een geldig e-mailadres in!\",\"changeDateErrorMsg\":\"Vul een geldige datum in!\",\"confirmFieldErrorMsg\":\"Deze velden moeten overeenkomen!\",\"fieldNumberNumMinError\":\"Fout met minimumaantal\",\"fieldNumberNumMaxError\":\"Fout met maximumaantal\",\"fieldNumberIncrementBy\":\"Toenemen met \",\"formErrorsCorrectErrors\":\"Corrigeer de fouten voordat je dit formulier indient.\",\"validateRequiredField\":\"Dit is een vereist veld.\",\"honeypotHoneypotError\":\"Honeypot fout\",\"fieldsMarkedRequired\":\"Velden die gemarkeerd zijn met een <span class=\\\"ninja-forms-req-symbol\\\">*<\\\/span> zijn vereiste velden\",\"objectDomain\":\"display\",\"drawerDisabled\":false,\"allow_public_link\":0,\"embed_form\":\"\",\"ninjaForms\":\"Ninja Forms\",\"fieldTextareaRTEInsertLink\":\"Koppeling invoegen\",\"fieldTextareaRTEInsertMedia\":\"Media invoegen\",\"fieldTextareaRTESelectAFile\":\"Selecteer een bestand\",\"formHoneypot\":\"Als je een persoon bent die dit veld ziet, laat je het leeg.\",\"fileUploadOldCodeFileUploadInProgress\":\"Bestand wordt ge\\u00fcpload.\",\"fileUploadOldCodeFileUpload\":\"BESTANDSUPLOAD\",\"currencySymbol\":\"&euro;\",\"thousands_sep\":\".\",\"decimal_point\":\",\",\"siteLocale\":\"nl_NL\",\"dateFormat\":\"d-m-Y\",\"startOfWeek\":\"1\",\"of\":\"van\",\"previousMonth\":\"Vorige maand\",\"nextMonth\":\"Volgende maand\",\"months\":[\"Januari\",\"Februari\",\"Maart\",\"April\",\"Mei\",\"Juni\",\"Juli\",\"Augustus\",\"September\",\"Oktober\",\"November\",\"December\"],\"monthsShort\":[\"Jan\",\"Feb\",\"Mrt\",\"Apr\",\"Mei\",\"Jun\",\"Jul\",\"Aug\",\"Sep\",\"Okt\",\"Nov\",\"Dec\"],\"weekdays\":[\"Zondag\",\"Maandag\",\"Dinsdag\",\"Woensdag\",\"Donderdag\",\"Vrijdag\",\"Zaterdag\"],\"weekdaysShort\":[\"Zon\",\"Maa\",\"Din\",\"Woe\",\"Don\",\"Vri\",\"Zat\"],\"weekdaysMin\":[\"Zo\",\"Ma\",\"Di\",\"Wo\",\"Do\",\"Vr\",\"Za\"],\"recaptchaConsentMissing\":\"reCaptcha validation couldn&#039;t load.\",\"recaptchaMissingCookie\":\"reCaptcha v3 validation couldn&#039;t load the cookie needed to submit the form.\",\"recaptchaConsentEvent\":\"Accept reCaptcha cookies before sending the form.\",\"currency_symbol\":\"\",\"beforeForm\":\"\",\"beforeFields\":\"\",\"afterFields\":\"\",\"afterForm\":\"\"};form.fields=[{\"objectType\":\"Field\",\"objectDomain\":\"fields\",\"editActive\":false,\"order\":1,\"idAttribute\":\"id\",\"label\":\"Name\",\"type\":\"textbox\",\"key\":\"name_1755079426665\",\"label_pos\":\"above\",\"required\":1,\"default\":\"\",\"placeholder\":\"Name\",\"container_class\":\"\",\"element_class\":\"\",\"input_limit\":\"\",\"input_limit_type\":\"characters\",\"input_limit_msg\":\"Teken(s) resterend\",\"manual_key\":\"\",\"admin_label\":\"\",\"help_text\":\"\",\"mask\":\"\",\"custom_mask\":\"\",\"custom_name_attribute\":\"\",\"personally_identifiable\":\"\",\"value\":\"\",\"drawerDisabled\":false,\"field_label\":\"Naam\",\"field_key\":\"naam_1751829668031\",\"id\":38,\"beforeField\":\"\",\"afterField\":\"\",\"parentType\":\"textbox\",\"element_templates\":[\"textbox\",\"input\"],\"old_classname\":\"\",\"wrap_template\":\"wrap\"},{\"objectType\":\"Field\",\"objectDomain\":\"fields\",\"editActive\":false,\"order\":2,\"idAttribute\":\"id\",\"label\":\"Name der Firma\",\"type\":\"textbox\",\"key\":\"name_der_firma_1755079464509\",\"label_pos\":\"above\",\"required\":1,\"default\":\"\",\"placeholder\":\"Name der Firma\",\"container_class\":\"\",\"element_class\":\"\",\"input_limit\":\"\",\"input_limit_type\":\"characters\",\"input_limit_msg\":\"Teken(s) resterend\",\"manual_key\":\"\",\"admin_label\":\"\",\"help_text\":\"\",\"mask\":\"\",\"custom_mask\":\"\",\"custom_name_attribute\":\"\",\"personally_identifiable\":\"\",\"value\":\"\",\"drawerDisabled\":false,\"field_label\":\"Bedrijfsnaam\",\"field_key\":\"bedrijfsnaam_1751829687139\",\"id\":39,\"beforeField\":\"\",\"afterField\":\"\",\"parentType\":\"textbox\",\"element_templates\":[\"textbox\",\"input\"],\"old_classname\":\"\",\"wrap_template\":\"wrap\"},{\"objectType\":\"Field\",\"objectDomain\":\"fields\",\"editActive\":false,\"order\":3,\"idAttribute\":\"id\",\"label\":\"E-mail-Adresse\",\"type\":\"textbox\",\"key\":\"e-mail-adresse_1755080217768\",\"label_pos\":\"above\",\"required\":1,\"default\":\"\",\"placeholder\":\"E-mail-Adresse\",\"container_class\":\"\",\"element_class\":\"\",\"input_limit\":\"\",\"input_limit_type\":\"characters\",\"input_limit_msg\":\"Teken(s) resterend\",\"manual_key\":\"\",\"admin_label\":\"\",\"help_text\":\"\",\"mask\":\"\",\"custom_mask\":\"\",\"custom_name_attribute\":\"\",\"personally_identifiable\":\"\",\"value\":\"\",\"drawerDisabled\":false,\"field_label\":\"E-mail\",\"field_key\":\"e-mail_1751829739456\",\"id\":40,\"beforeField\":\"\",\"afterField\":\"\",\"parentType\":\"textbox\",\"element_templates\":[\"textbox\",\"input\"],\"old_classname\":\"\",\"wrap_template\":\"wrap\"},{\"objectType\":\"Field\",\"objectDomain\":\"fields\",\"editActive\":false,\"order\":4,\"idAttribute\":\"id\",\"label\":\"Telefon\",\"type\":\"textbox\",\"key\":\"telefon_1755079531606\",\"label_pos\":\"above\",\"required\":\"\",\"default\":\"\",\"placeholder\":\"Telefon\",\"container_class\":\"\",\"element_class\":\"\",\"input_limit\":\"\",\"input_limit_type\":\"characters\",\"input_limit_msg\":\"Teken(s) resterend\",\"manual_key\":\"\",\"admin_label\":\"\",\"help_text\":\"\",\"mask\":\"\",\"custom_mask\":\"\",\"custom_name_attribute\":\"\",\"personally_identifiable\":\"\",\"value\":\"\",\"drawerDisabled\":false,\"field_label\":\"Telefoon\",\"field_key\":\"telefoon_1751829943054\",\"id\":41,\"beforeField\":\"\",\"afterField\":\"\",\"parentType\":\"textbox\",\"element_templates\":[\"textbox\",\"input\"],\"old_classname\":\"\",\"wrap_template\":\"wrap\"},{\"objectType\":\"Field\",\"objectDomain\":\"fields\",\"editActive\":false,\"order\":5,\"idAttribute\":\"id\",\"label\":\"Interesse an\",\"type\":\"listcheckbox\",\"key\":\"interesse_an_1755079569684\",\"label_pos\":\"above\",\"required\":1,\"container_class\":\"\",\"element_class\":\"\",\"admin_label\":\"\",\"help_text\":\"\",\"drawerDisabled\":false,\"options\":[{\"errors\":[],\"max_options\":0,\"label\":\"Rohkaffee\",\"value\":\"rohkaffee\",\"calc\":\"\",\"selected\":0,\"order\":0,\"settingModel\":{\"settings\":false,\"hide_merge_tags\":false,\"error\":false,\"name\":\"options\",\"type\":\"option-repeater\",\"label\":\"Opties <a href=\\\"#\\\" class=\\\"nf-add-new\\\">Nieuwe toevoegen<\\\/a> <a href=\\\"#\\\" class=\\\"extra nf-open-import-tooltip\\\"><i class=\\\"fa fa-sign-in\\\" aria-hidden=\\\"true\\\"><\\\/i> Importeer<\\\/a>\",\"width\":\"full\",\"group\":\"\",\"value\":[{\"label\":\"E\\u00e9n\",\"value\":\"\\u00e9\\u00e9n\",\"calc\":\"\",\"selected\":0,\"order\":0},{\"label\":\"Twee\",\"value\":\"twee\",\"calc\":\"\",\"selected\":0,\"order\":1},{\"label\":\"Drie\",\"value\":\"drie\",\"calc\":\"\",\"selected\":0,\"order\":2}],\"columns\":{\"label\":{\"header\":\"Label\",\"default\":\"\"},\"value\":{\"header\":\"Waarde\",\"default\":\"\"},\"calc\":{\"header\":\"Berekende waarde\",\"default\":\"\"},\"selected\":{\"header\":\"<span class=\\\"dashicons dashicons-yes\\\"><\\\/span>\",\"default\":0}}}},{\"errors\":[],\"max_options\":0,\"label\":\"Ger\\u00f6steter Kaffee\",\"value\":\"geroesteter-kaffee\",\"calc\":\"\",\"selected\":0,\"order\":1,\"settingModel\":{\"settings\":false,\"hide_merge_tags\":false,\"error\":false,\"name\":\"options\",\"type\":\"option-repeater\",\"label\":\"Opties <a href=\\\"#\\\" class=\\\"nf-add-new\\\">Nieuwe toevoegen<\\\/a> <a href=\\\"#\\\" class=\\\"extra nf-open-import-tooltip\\\"><i class=\\\"fa fa-sign-in\\\" aria-hidden=\\\"true\\\"><\\\/i> Importeer<\\\/a>\",\"width\":\"full\",\"group\":\"\",\"value\":[{\"label\":\"E\\u00e9n\",\"value\":\"\\u00e9\\u00e9n\",\"calc\":\"\",\"selected\":0,\"order\":0},{\"label\":\"Twee\",\"value\":\"twee\",\"calc\":\"\",\"selected\":0,\"order\":1},{\"label\":\"Drie\",\"value\":\"drie\",\"calc\":\"\",\"selected\":0,\"order\":2}],\"columns\":{\"label\":{\"header\":\"Label\",\"default\":\"\"},\"value\":{\"header\":\"Waarde\",\"default\":\"\"},\"calc\":{\"header\":\"Berekende waarde\",\"default\":\"\"},\"selected\":{\"header\":\"<span class=\\\"dashicons dashicons-yes\\\"><\\\/span>\",\"default\":0}}}},{\"errors\":[],\"max_options\":0,\"order\":2,\"new\":false,\"options\":[],\"label\":\"Kakaobohnen\",\"value\":\"kakaobohnen\",\"calc\":\"\",\"selected\":0,\"settingModel\":{\"settings\":false,\"hide_merge_tags\":false,\"error\":false,\"name\":\"options\",\"type\":\"option-repeater\",\"label\":\"Opties <a href=\\\"#\\\" class=\\\"nf-add-new\\\">Nieuwe toevoegen<\\\/a> <a href=\\\"#\\\" class=\\\"extra nf-open-import-tooltip\\\"><i class=\\\"fa fa-sign-in\\\" aria-hidden=\\\"true\\\"><\\\/i> Importeer<\\\/a>\",\"width\":\"full\",\"group\":\"\",\"value\":[{\"label\":\"E\\u00e9n\",\"value\":\"\\u00e9\\u00e9n\",\"calc\":\"\",\"selected\":0,\"order\":0},{\"label\":\"Twee\",\"value\":\"twee\",\"calc\":\"\",\"selected\":0,\"order\":1},{\"label\":\"Drie\",\"value\":\"drie\",\"calc\":\"\",\"selected\":0,\"order\":2}],\"columns\":{\"label\":{\"header\":\"Label\",\"default\":\"\"},\"value\":{\"header\":\"Waarde\",\"default\":\"\"},\"calc\":{\"header\":\"Berekende waarde\",\"default\":\"\"},\"selected\":{\"header\":\"<span class=\\\"dashicons dashicons-yes\\\"><\\\/span>\",\"default\":0}}}}],\"field_label\":\"Ge\\u00efnteresseerd in\",\"field_key\":\"geinteresseerd_in_1751829828546\",\"id\":42,\"beforeField\":\"\",\"afterField\":\"\",\"value\":\"\",\"parentType\":\"list\",\"element_templates\":[\"listcheckbox\",\"input\"],\"old_classname\":\"list-checkbox\",\"wrap_template\":\"wrap\"},{\"objectType\":\"Field\",\"objectDomain\":\"fields\",\"editActive\":false,\"order\":6,\"idAttribute\":\"id\",\"label\":\"Nachricht\",\"type\":\"textarea\",\"key\":\"nachricht_1755080252199\",\"label_pos\":\"above\",\"required\":1,\"default\":\"\",\"placeholder\":\"Nachricht\",\"container_class\":\"\",\"element_class\":\"\",\"input_limit\":\"\",\"input_limit_type\":\"characters\",\"input_limit_msg\":\"Teken(s) resterend\",\"manual_key\":\"\",\"admin_label\":\"\",\"help_text\":\"\",\"textarea_rte\":\"\",\"disable_rte_mobile\":\"\",\"textarea_media\":\"\",\"value\":\"\",\"drawerDisabled\":false,\"field_label\":\"Vraag\",\"field_key\":\"vraag_1751829972877\",\"id\":43,\"beforeField\":\"\",\"afterField\":\"\",\"parentType\":\"textarea\",\"element_templates\":[\"textarea\",\"input\"],\"old_classname\":\"\",\"wrap_template\":\"wrap\"},{\"objectType\":\"Field\",\"objectDomain\":\"fields\",\"editActive\":false,\"order\":7,\"idAttribute\":\"id\",\"type\":\"submit\",\"label\":\"Schicken\",\"processing_label\":\"Verarbeitung\",\"container_class\":\"\",\"element_class\":\"\",\"key\":\"schicken_1755079696483\",\"admin_label\":\"\",\"drawerDisabled\":false,\"field_label\":\"Verstuur\",\"field_key\":\"verstuur_1751830041732\",\"id\":44,\"beforeField\":\"\",\"afterField\":\"\",\"value\":\"\",\"label_pos\":\"above\",\"parentType\":\"textbox\",\"element_templates\":[\"submit\",\"button\",\"input\"],\"old_classname\":\"\",\"wrap_template\":\"wrap-no-label\"}];nfForms.push(form);<\/script>\n        \n<\/div>\n\n\n\n<div class=\"wp-block-column is-layout-flow wp-block-column-is-layout-flow\">\n<figure class=\"wp-block-image size-large\"><img loading=\"lazy\" decoding=\"async\" width=\"768\" height=\"1024\" src=\"https:\/\/sukeladefamke.nl\/wp-content\/uploads\/2024\/09\/gemalenkoffie-768x1024.jpg\" alt=\"gemalen koffie kan ook gemalen cacao zijn\" class=\"wp-image-306\" srcset=\"https:\/\/sukeladefamke.nl\/wp-content\/uploads\/2024\/09\/gemalenkoffie-768x1024.jpg 768w, https:\/\/sukeladefamke.nl\/wp-content\/uploads\/2024\/09\/gemalenkoffie-225x300.jpg 225w, https:\/\/sukeladefamke.nl\/wp-content\/uploads\/2024\/09\/gemalenkoffie-600x800.jpg 600w, https:\/\/sukeladefamke.nl\/wp-content\/uploads\/2024\/09\/gemalenkoffie.jpg 960w\" sizes=\"auto, (max-width: 768px) 100vw, 768px\" \/><\/figure>\n<\/div>\n<\/div>\n<\/div>\n","protected":false},"excerpt":{"rendered":"<p>Kaffee oder Kakao bestellen bei It S\u00fbkelade Famke 1. Angebot f\u00fcr Kaffee oder Kakao anfordern 2. Es schickt Ihnen It S\u00fbkelade Famke einen Vorschlag 3. Sehen Sie sich den Vorschlag an und kontaktieren Sie uns, wenn Sie Fragen haben 4. Nach der Freigabe schlie\u00dfen wir Ihre Bestellung ab Ein Angebot anfordern<\/p>\n","protected":false},"author":1,"featured_media":0,"parent":0,"menu_order":0,"comment_status":"closed","ping_status":"closed","template":"","meta":{"footnotes":""},"class_list":["post-1206","page","type-page","status-publish","hentry"],"yoast_head":"<!-- This site is optimized with the Yoast SEO plugin v27.3 - https:\/\/yoast.com\/product\/yoast-seo-wordpress\/ -->\n<title>Bestellen - Deutch - It S\u00fbkelade Famke<\/title>\n<meta name=\"robots\" content=\"index, follow, max-snippet:-1, max-image-preview:large, max-video-preview:-1\" \/>\n<link rel=\"canonical\" href=\"https:\/\/sukeladefamke.nl\/index.php\/de\/bestellen-deutch\/\" \/>\n<meta property=\"og:locale\" content=\"nl_NL\" \/>\n<meta property=\"og:type\" content=\"article\" \/>\n<meta property=\"og:title\" content=\"Bestellen - Deutch - It S\u00fbkelade Famke\" \/>\n<meta property=\"og:description\" content=\"Kaffee oder Kakao bestellen bei It S\u00fbkelade Famke 1. Angebot f\u00fcr Kaffee oder Kakao anfordern 2. Es schickt Ihnen It S\u00fbkelade Famke einen Vorschlag 3. Sehen Sie sich den Vorschlag an und kontaktieren Sie uns, wenn Sie Fragen haben 4. Nach der Freigabe schlie\u00dfen wir Ihre Bestellung ab Ein Angebot anfordern\" \/>\n<meta property=\"og:url\" content=\"https:\/\/sukeladefamke.nl\/index.php\/de\/bestellen-deutch\/\" \/>\n<meta property=\"og:site_name\" content=\"It S\u00fbkelade Famke\" \/>\n<meta property=\"article:modified_time\" content=\"2025-08-13T10:10:54+00:00\" \/>\n<meta property=\"og:image\" content=\"https:\/\/sukeladefamke.nl\/wp-content\/uploads\/2024\/09\/gemalenkoffie.jpg\" \/>\n\t<meta property=\"og:image:width\" content=\"960\" \/>\n\t<meta property=\"og:image:height\" content=\"1280\" \/>\n\t<meta property=\"og:image:type\" content=\"image\/jpeg\" \/>\n<meta name=\"twitter:card\" content=\"summary_large_image\" \/>\n<meta name=\"twitter:label1\" content=\"Geschatte leestijd\" \/>\n\t<meta name=\"twitter:data1\" content=\"1 minuut\" \/>\n<script type=\"application\/ld+json\" class=\"yoast-schema-graph\">{\"@context\":\"https:\\\/\\\/schema.org\",\"@graph\":[{\"@type\":\"WebPage\",\"@id\":\"https:\\\/\\\/sukeladefamke.nl\\\/index.php\\\/de\\\/bestellen-deutch\\\/\",\"url\":\"https:\\\/\\\/sukeladefamke.nl\\\/index.php\\\/de\\\/bestellen-deutch\\\/\",\"name\":\"Bestellen - Deutch - It S\u00fbkelade Famke\",\"isPartOf\":{\"@id\":\"https:\\\/\\\/sukeladefamke.nl\\\/#website\"},\"primaryImageOfPage\":{\"@id\":\"https:\\\/\\\/sukeladefamke.nl\\\/index.php\\\/de\\\/bestellen-deutch\\\/#primaryimage\"},\"image\":{\"@id\":\"https:\\\/\\\/sukeladefamke.nl\\\/index.php\\\/de\\\/bestellen-deutch\\\/#primaryimage\"},\"thumbnailUrl\":\"https:\\\/\\\/sukeladefamke.nl\\\/wp-content\\\/uploads\\\/2024\\\/09\\\/gemalenkoffie-768x1024.jpg\",\"datePublished\":\"2025-08-13T05:41:08+00:00\",\"dateModified\":\"2025-08-13T10:10:54+00:00\",\"breadcrumb\":{\"@id\":\"https:\\\/\\\/sukeladefamke.nl\\\/index.php\\\/de\\\/bestellen-deutch\\\/#breadcrumb\"},\"inLanguage\":\"nl-NL\",\"potentialAction\":[{\"@type\":\"ReadAction\",\"target\":[\"https:\\\/\\\/sukeladefamke.nl\\\/index.php\\\/de\\\/bestellen-deutch\\\/\"]}]},{\"@type\":\"ImageObject\",\"inLanguage\":\"nl-NL\",\"@id\":\"https:\\\/\\\/sukeladefamke.nl\\\/index.php\\\/de\\\/bestellen-deutch\\\/#primaryimage\",\"url\":\"https:\\\/\\\/sukeladefamke.nl\\\/wp-content\\\/uploads\\\/2024\\\/09\\\/gemalenkoffie.jpg\",\"contentUrl\":\"https:\\\/\\\/sukeladefamke.nl\\\/wp-content\\\/uploads\\\/2024\\\/09\\\/gemalenkoffie.jpg\",\"width\":960,\"height\":1280,\"caption\":\"gemalen koffie kan ook gemalen cacao zijn\"},{\"@type\":\"BreadcrumbList\",\"@id\":\"https:\\\/\\\/sukeladefamke.nl\\\/index.php\\\/de\\\/bestellen-deutch\\\/#breadcrumb\",\"itemListElement\":[{\"@type\":\"ListItem\",\"position\":1,\"name\":\"Home\",\"item\":\"https:\\\/\\\/sukeladefamke.nl\\\/\"},{\"@type\":\"ListItem\",\"position\":2,\"name\":\"Bestellen &#8211; Deutch\"}]},{\"@type\":\"WebSite\",\"@id\":\"https:\\\/\\\/sukeladefamke.nl\\\/#website\",\"url\":\"https:\\\/\\\/sukeladefamke.nl\\\/\",\"name\":\"It S\u00fbkelade Famke\",\"description\":\"\",\"publisher\":{\"@id\":\"https:\\\/\\\/sukeladefamke.nl\\\/#organization\"},\"potentialAction\":[{\"@type\":\"SearchAction\",\"target\":{\"@type\":\"EntryPoint\",\"urlTemplate\":\"https:\\\/\\\/sukeladefamke.nl\\\/?s={search_term_string}\"},\"query-input\":{\"@type\":\"PropertyValueSpecification\",\"valueRequired\":true,\"valueName\":\"search_term_string\"}}],\"inLanguage\":\"nl-NL\"},{\"@type\":\"Organization\",\"@id\":\"https:\\\/\\\/sukeladefamke.nl\\\/#organization\",\"name\":\"It S\u00fbkelade Famke\",\"url\":\"https:\\\/\\\/sukeladefamke.nl\\\/\",\"logo\":{\"@type\":\"ImageObject\",\"inLanguage\":\"nl-NL\",\"@id\":\"https:\\\/\\\/sukeladefamke.nl\\\/#\\\/schema\\\/logo\\\/image\\\/\",\"url\":\"https:\\\/\\\/sukeladefamke.nl\\\/wp-content\\\/uploads\\\/2024\\\/02\\\/colibri.png\",\"contentUrl\":\"https:\\\/\\\/sukeladefamke.nl\\\/wp-content\\\/uploads\\\/2024\\\/02\\\/colibri.png\",\"width\":2304,\"height\":2363,\"caption\":\"It S\u00fbkelade Famke\"},\"image\":{\"@id\":\"https:\\\/\\\/sukeladefamke.nl\\\/#\\\/schema\\\/logo\\\/image\\\/\"}}]}<\/script>\n<!-- \/ Yoast SEO plugin. -->","yoast_head_json":{"title":"Bestellen - Deutch - It S\u00fbkelade Famke","robots":{"index":"index","follow":"follow","max-snippet":"max-snippet:-1","max-image-preview":"max-image-preview:large","max-video-preview":"max-video-preview:-1"},"canonical":"https:\/\/sukeladefamke.nl\/index.php\/de\/bestellen-deutch\/","og_locale":"nl_NL","og_type":"article","og_title":"Bestellen - Deutch - It S\u00fbkelade Famke","og_description":"Kaffee oder Kakao bestellen bei It S\u00fbkelade Famke 1. Angebot f\u00fcr Kaffee oder Kakao anfordern 2. Es schickt Ihnen It S\u00fbkelade Famke einen Vorschlag 3. Sehen Sie sich den Vorschlag an und kontaktieren Sie uns, wenn Sie Fragen haben 4. Nach der Freigabe schlie\u00dfen wir Ihre Bestellung ab Ein Angebot anfordern","og_url":"https:\/\/sukeladefamke.nl\/index.php\/de\/bestellen-deutch\/","og_site_name":"It S\u00fbkelade Famke","article_modified_time":"2025-08-13T10:10:54+00:00","og_image":[{"width":960,"height":1280,"url":"https:\/\/sukeladefamke.nl\/wp-content\/uploads\/2024\/09\/gemalenkoffie.jpg","type":"image\/jpeg"}],"twitter_card":"summary_large_image","twitter_misc":{"Geschatte leestijd":"1 minuut"},"schema":{"@context":"https:\/\/schema.org","@graph":[{"@type":"WebPage","@id":"https:\/\/sukeladefamke.nl\/index.php\/de\/bestellen-deutch\/","url":"https:\/\/sukeladefamke.nl\/index.php\/de\/bestellen-deutch\/","name":"Bestellen - Deutch - It S\u00fbkelade Famke","isPartOf":{"@id":"https:\/\/sukeladefamke.nl\/#website"},"primaryImageOfPage":{"@id":"https:\/\/sukeladefamke.nl\/index.php\/de\/bestellen-deutch\/#primaryimage"},"image":{"@id":"https:\/\/sukeladefamke.nl\/index.php\/de\/bestellen-deutch\/#primaryimage"},"thumbnailUrl":"https:\/\/sukeladefamke.nl\/wp-content\/uploads\/2024\/09\/gemalenkoffie-768x1024.jpg","datePublished":"2025-08-13T05:41:08+00:00","dateModified":"2025-08-13T10:10:54+00:00","breadcrumb":{"@id":"https:\/\/sukeladefamke.nl\/index.php\/de\/bestellen-deutch\/#breadcrumb"},"inLanguage":"nl-NL","potentialAction":[{"@type":"ReadAction","target":["https:\/\/sukeladefamke.nl\/index.php\/de\/bestellen-deutch\/"]}]},{"@type":"ImageObject","inLanguage":"nl-NL","@id":"https:\/\/sukeladefamke.nl\/index.php\/de\/bestellen-deutch\/#primaryimage","url":"https:\/\/sukeladefamke.nl\/wp-content\/uploads\/2024\/09\/gemalenkoffie.jpg","contentUrl":"https:\/\/sukeladefamke.nl\/wp-content\/uploads\/2024\/09\/gemalenkoffie.jpg","width":960,"height":1280,"caption":"gemalen koffie kan ook gemalen cacao zijn"},{"@type":"BreadcrumbList","@id":"https:\/\/sukeladefamke.nl\/index.php\/de\/bestellen-deutch\/#breadcrumb","itemListElement":[{"@type":"ListItem","position":1,"name":"Home","item":"https:\/\/sukeladefamke.nl\/"},{"@type":"ListItem","position":2,"name":"Bestellen &#8211; Deutch"}]},{"@type":"WebSite","@id":"https:\/\/sukeladefamke.nl\/#website","url":"https:\/\/sukeladefamke.nl\/","name":"It S\u00fbkelade Famke","description":"","publisher":{"@id":"https:\/\/sukeladefamke.nl\/#organization"},"potentialAction":[{"@type":"SearchAction","target":{"@type":"EntryPoint","urlTemplate":"https:\/\/sukeladefamke.nl\/?s={search_term_string}"},"query-input":{"@type":"PropertyValueSpecification","valueRequired":true,"valueName":"search_term_string"}}],"inLanguage":"nl-NL"},{"@type":"Organization","@id":"https:\/\/sukeladefamke.nl\/#organization","name":"It S\u00fbkelade Famke","url":"https:\/\/sukeladefamke.nl\/","logo":{"@type":"ImageObject","inLanguage":"nl-NL","@id":"https:\/\/sukeladefamke.nl\/#\/schema\/logo\/image\/","url":"https:\/\/sukeladefamke.nl\/wp-content\/uploads\/2024\/02\/colibri.png","contentUrl":"https:\/\/sukeladefamke.nl\/wp-content\/uploads\/2024\/02\/colibri.png","width":2304,"height":2363,"caption":"It S\u00fbkelade Famke"},"image":{"@id":"https:\/\/sukeladefamke.nl\/#\/schema\/logo\/image\/"}}]}},"_links":{"self":[{"href":"https:\/\/sukeladefamke.nl\/index.php\/wp-json\/wp\/v2\/pages\/1206","targetHints":{"allow":["GET"]}}],"collection":[{"href":"https:\/\/sukeladefamke.nl\/index.php\/wp-json\/wp\/v2\/pages"}],"about":[{"href":"https:\/\/sukeladefamke.nl\/index.php\/wp-json\/wp\/v2\/types\/page"}],"author":[{"embeddable":true,"href":"https:\/\/sukeladefamke.nl\/index.php\/wp-json\/wp\/v2\/users\/1"}],"replies":[{"embeddable":true,"href":"https:\/\/sukeladefamke.nl\/index.php\/wp-json\/wp\/v2\/comments?post=1206"}],"version-history":[{"count":2,"href":"https:\/\/sukeladefamke.nl\/index.php\/wp-json\/wp\/v2\/pages\/1206\/revisions"}],"predecessor-version":[{"id":1242,"href":"https:\/\/sukeladefamke.nl\/index.php\/wp-json\/wp\/v2\/pages\/1206\/revisions\/1242"}],"wp:attachment":[{"href":"https:\/\/sukeladefamke.nl\/index.php\/wp-json\/wp\/v2\/media?parent=1206"}],"curies":[{"name":"wp","href":"https:\/\/api.w.org\/{rel}","templated":true}]}}