{"id":1188,"date":"2025-08-12T23:54:45","date_gmt":"2025-08-12T21:54:45","guid":{"rendered":"https:\/\/sukeladefamke.nl\/?page_id=1188"},"modified":"2025-08-12T23:59:47","modified_gmt":"2025-08-12T21:59:47","slug":"kakaobohnen-aus-peru-deutch","status":"publish","type":"page","link":"https:\/\/sukeladefamke.nl\/index.php\/de\/kakaobohnen-aus-peru-deutch\/","title":{"rendered":"Cacaobonen uit Peru &#8211; Deutch"},"content":{"rendered":"\n<div class=\"wp-block-group alignfull has-base-background-color has-background has-extra-small-font-size has-global-padding is-layout-constrained wp-block-group-is-layout-constrained\">\n<div class=\"wp-block-cover alignfull has-parallax\"><div class=\"wp-block-cover__image-background wp-image-531 size-full has-parallax\" style=\"background-position:50% 50%;background-image:url(https:\/\/sukeladefamke.nl\/wp-content\/uploads\/2025\/06\/Farming-Program-Peru-Cocoa-Beans1-1.jpg)\"><\/div><span aria-hidden=\"true\" class=\"wp-block-cover__background has-background-dim-0 has-background-dim\"><\/span><div class=\"wp-block-cover__inner-container has-global-padding is-layout-constrained wp-block-cover-is-layout-constrained\">\n<p class=\"has-text-align-center has-white-color has-text-color has-link-color has-large-font-size wp-elements-c0055ca5246f35d7df16f18a8217954e\">It S\u00fbkelade Famke<br><\/p>\n\n\n\n<h2 class=\"wp-block-heading has-text-align-center has-white-color has-text-color has-link-color has-x-large-font-size wp-elements-7fb40810db008034f813224f54cf4d3c\">Kakaobohnen aus Peru<\/h2>\n<\/div><\/div>\n\n\n\n<h1 class=\"wp-block-heading\">Kakaobohnen aus Peru f\u00fcr Profis<\/h1>\n\n\n\n<div class=\"wp-block-columns is-layout-flex wp-container-core-columns-is-layout-28f84493 wp-block-columns-is-layout-flex\">\n<div class=\"wp-block-column is-layout-flow wp-block-column-is-layout-flow\">\n<figure class=\"wp-block-image aligncenter size-large is-resized\"><img loading=\"lazy\" decoding=\"async\" width=\"768\" height=\"1024\" src=\"https:\/\/sukeladefamke.nl\/wp-content\/uploads\/2025\/07\/IMG-20250518-WA0005-768x1024.jpg\" alt=\"van cacao naar chocola\" class=\"wp-image-857\" style=\"width:278px;height:auto\" srcset=\"https:\/\/sukeladefamke.nl\/wp-content\/uploads\/2025\/07\/IMG-20250518-WA0005-768x1024.jpg 768w, https:\/\/sukeladefamke.nl\/wp-content\/uploads\/2025\/07\/IMG-20250518-WA0005-225x300.jpg 225w, https:\/\/sukeladefamke.nl\/wp-content\/uploads\/2025\/07\/IMG-20250518-WA0005-1152x1536.jpg 1152w, https:\/\/sukeladefamke.nl\/wp-content\/uploads\/2025\/07\/IMG-20250518-WA0005-1320x1760.jpg 1320w, https:\/\/sukeladefamke.nl\/wp-content\/uploads\/2025\/07\/IMG-20250518-WA0005-600x800.jpg 600w, https:\/\/sukeladefamke.nl\/wp-content\/uploads\/2025\/07\/IMG-20250518-WA0005.jpg 1530w\" sizes=\"auto, (max-width: 768px) 100vw, 768px\" \/><\/figure>\n<\/div>\n\n\n\n<div class=\"wp-block-column is-layout-flow wp-block-column-is-layout-flow\">\n<p>Bei It S\u00fbkelade Famke importieren wir hochwertige Criollo-Kakaobohnen aus Bagua in Peru, im n\u00f6rdlichen Amazonasgebiet. <br>Criollo ist neben Forastero und Trinitario eine der drei Hauptkakaosorten und ist f\u00fcr sein komplexes, feines Profil, seinen milden Geschmack und seine hohe Qualit\u00e4t bekannt und wird oft als \u201eFino de Aroma\u201c bezeichnet.<br>Da der Criollo-Baum einen geringeren Ertrag liefert, gibt es relativ wenige Plantagen und daher auch weniger Produktion. Aufgrund ihrer hohen Qualit\u00e4t und ihres Geschmacks ist diese Bohne jedoch ein Favorit f\u00fcr Luxusschokolade.<br>Die Kakaobohnen werden einem traditionellen Fermentationsprozess unterzogen und anschlie\u00dfend getrocknet. Bei der Fermentation zersetzen nat\u00fcrlich vorkommende Hefen und Bakterien das Fruchtfleisch der Kakaobohnen und wandeln es in S\u00e4uren und Aromastoffe um. Durch die richtige Fermentation entsteht ein intensiveres Geschmackserlebnis.<\/p>\n<\/div>\n<\/div>\n\n\n\n<div class=\"wp-block-columns is-layout-flex wp-container-core-columns-is-layout-28f84493 wp-block-columns-is-layout-flex\">\n<div class=\"wp-block-column is-layout-flow wp-block-column-is-layout-flow\">\n<h3 class=\"wp-block-heading\">Warum sollten Sie sich f\u00fcr unsere peruanischen Kakaobohnen entscheiden?<\/h3>\n\n\n\n<p>Unsere Bohnen stammen von Kleinbauern in Peru, die mit Respekt vor Natur und Tradition arbeiten. Dank unserer direkten Handelspartnerschaft mit diesen Bauern k\u00f6nnen wir:<\/p>\n\n\n\n<ul class=\"wp-block-list\">\n<li>Lieferung ab kleinen Mengen,<\/li>\n\n\n\n<li>die Qualit\u00e4t der Bohnen garantieren,<\/li>\n\n\n\n<li>einen fairen Preis zahlen,<\/li>\n\n\n\n<li>und vollst\u00e4ndige Herkunftsinformationen geben.<\/li>\n<\/ul>\n<\/div>\n\n\n\n<div class=\"wp-block-column is-layout-flow wp-block-column-is-layout-flow\">\n<figure class=\"wp-block-image aligncenter size-full\"><img loading=\"lazy\" decoding=\"async\" width=\"2040\" height=\"1530\" src=\"https:\/\/sukeladefamke.nl\/wp-content\/uploads\/2025\/06\/cacaoboon-open.jpeg\" alt=\"de cacaoboon opengemaakt\" class=\"wp-image-716\" srcset=\"https:\/\/sukeladefamke.nl\/wp-content\/uploads\/2025\/06\/cacaoboon-open.jpeg 2040w, https:\/\/sukeladefamke.nl\/wp-content\/uploads\/2025\/06\/cacaoboon-open-300x225.jpeg 300w, https:\/\/sukeladefamke.nl\/wp-content\/uploads\/2025\/06\/cacaoboon-open-1024x768.jpeg 1024w, https:\/\/sukeladefamke.nl\/wp-content\/uploads\/2025\/06\/cacaoboon-open-768x576.jpeg 768w, https:\/\/sukeladefamke.nl\/wp-content\/uploads\/2025\/06\/cacaoboon-open-1536x1152.jpeg 1536w, https:\/\/sukeladefamke.nl\/wp-content\/uploads\/2025\/06\/cacaoboon-open-1320x990.jpeg 1320w, https:\/\/sukeladefamke.nl\/wp-content\/uploads\/2025\/06\/cacaoboon-open-600x450.jpeg 600w\" sizes=\"auto, (max-width: 2040px) 100vw, 2040px\" \/><\/figure>\n<\/div>\n<\/div>\n\n\n\n<div class=\"wp-block-columns is-layout-flex wp-container-core-columns-is-layout-28f84493 wp-block-columns-is-layout-flex\">\n<div class=\"wp-block-column is-layout-flow wp-block-column-is-layout-flow\">\n<h3 class=\"wp-block-heading\">An wen liefern wir?<\/h3>\n\n\n\n<p>Wir beliefern Unternehmen, die wie wir Wert auf Geschmack, Herkunft und Ehrlichkeit legen. Ob Sie handwerklich Schokolade herstellen, eine Konditorei betreiben oder auf der Suche nach einer nachhaltigen und unverwechselbaren Kakaobohne f\u00fcr Ihre Produktion sind \u2013 wir helfen Ihnen.<br><\/p>\n<\/div>\n\n\n\n<div class=\"wp-block-column is-layout-flow wp-block-column-is-layout-flow\">\n<h3 class=\"wp-block-heading\">Interessiert an peruanischem Kakao?<\/h3>\n\n\n\n<p>M\u00f6chten Sie mehr \u00fcber unseren aktuellen Lagerbestand oder unsere Preise erfahren?<\/p>\n\n\n\n<p>Kontaktieren Sie uns bitte \u00fcber das <a data-type=\"page\" data-id=\"360\" href=\"https:\/\/sukeladefamke.nl\/index.php\/contact\/\"><strong>Kontaktformular<\/strong><\/a> oder senden Sie uns eine E-Mail an <strong><a href=\"mailto:itsukeladefamke@hotmail.com\">itsukeladefamke@hotmail.com<\/a><\/strong><\/p>\n<\/div>\n<\/div>\n<\/div>\n","protected":false},"excerpt":{"rendered":"<p>Kakaobohnen aus Peru f\u00fcr Profis Bei It S\u00fbkelade Famke importieren wir hochwertige Criollo-Kakaobohnen aus Bagua in Peru, im n\u00f6rdlichen Amazonasgebiet. Criollo ist neben Forastero und Trinitario eine der drei Hauptkakaosorten und ist f\u00fcr sein komplexes, feines Profil, seinen milden Geschmack und seine hohe Qualit\u00e4t bekannt und wird oft als \u201eFino de Aroma\u201c bezeichnet.Da der Criollo-Baum&hellip;<\/p>\n","protected":false},"author":1,"featured_media":0,"parent":0,"menu_order":0,"comment_status":"closed","ping_status":"closed","template":"","meta":{"footnotes":""},"class_list":["post-1188","page","type-page","status-publish","hentry"],"yoast_head":"<!-- This site is optimized with the Yoast SEO plugin v27.3 - https:\/\/yoast.com\/product\/yoast-seo-wordpress\/ -->\n<title>Criollo Kakaobohnen aus Peru | Direct Trade | It S\u00fbkelade Famke<\/title>\n<meta name=\"description\" content=\"Criollo Kakaobohnen aus Peru, direkt vom Kleinbauern. Fairer Handel, intensiver Geschmack. Ideal f\u00fcr Chocolatiers und Konditoren.\" \/>\n<meta name=\"robots\" content=\"index, follow, max-snippet:-1, max-image-preview:large, max-video-preview:-1\" \/>\n<link rel=\"canonical\" href=\"https:\/\/sukeladefamke.nl\/index.php\/de\/kakaobohnen-aus-peru-deutch\/\" \/>\n<meta property=\"og:locale\" content=\"nl_NL\" \/>\n<meta property=\"og:type\" content=\"article\" \/>\n<meta property=\"og:title\" content=\"Criollo Kakaobohnen aus Peru | Direct Trade | It S\u00fbkelade Famke\" \/>\n<meta property=\"og:description\" content=\"Criollo Kakaobohnen aus Peru, direkt vom Kleinbauern. Fairer Handel, intensiver Geschmack. Ideal f\u00fcr Chocolatiers und Konditoren.\" \/>\n<meta property=\"og:url\" content=\"https:\/\/sukeladefamke.nl\/index.php\/de\/kakaobohnen-aus-peru-deutch\/\" \/>\n<meta property=\"og:site_name\" content=\"It S\u00fbkelade Famke\" \/>\n<meta property=\"article:modified_time\" content=\"2025-08-12T21:59:47+00:00\" \/>\n<meta property=\"og:image\" content=\"https:\/\/sukeladefamke.nl\/wp-content\/uploads\/2025\/07\/IMG-20250518-WA0005.jpg\" \/>\n\t<meta property=\"og:image:width\" content=\"1530\" \/>\n\t<meta property=\"og:image:height\" content=\"2040\" \/>\n\t<meta property=\"og:image:type\" content=\"image\/jpeg\" \/>\n<meta name=\"twitter:card\" content=\"summary_large_image\" \/>\n<meta name=\"twitter:label1\" content=\"Geschatte leestijd\" \/>\n\t<meta name=\"twitter:data1\" content=\"2 minuten\" \/>\n<script type=\"application\/ld+json\" class=\"yoast-schema-graph\">{\"@context\":\"https:\\\/\\\/schema.org\",\"@graph\":[{\"@type\":\"WebPage\",\"@id\":\"https:\\\/\\\/sukeladefamke.nl\\\/index.php\\\/de\\\/kakaobohnen-aus-peru-deutch\\\/\",\"url\":\"https:\\\/\\\/sukeladefamke.nl\\\/index.php\\\/de\\\/kakaobohnen-aus-peru-deutch\\\/\",\"name\":\"Criollo Kakaobohnen aus Peru | Direct Trade | It S\u00fbkelade Famke\",\"isPartOf\":{\"@id\":\"https:\\\/\\\/sukeladefamke.nl\\\/#website\"},\"primaryImageOfPage\":{\"@id\":\"https:\\\/\\\/sukeladefamke.nl\\\/index.php\\\/de\\\/kakaobohnen-aus-peru-deutch\\\/#primaryimage\"},\"image\":{\"@id\":\"https:\\\/\\\/sukeladefamke.nl\\\/index.php\\\/de\\\/kakaobohnen-aus-peru-deutch\\\/#primaryimage\"},\"thumbnailUrl\":\"https:\\\/\\\/sukeladefamke.nl\\\/wp-content\\\/uploads\\\/2025\\\/07\\\/IMG-20250518-WA0005-768x1024.jpg\",\"datePublished\":\"2025-08-12T21:54:45+00:00\",\"dateModified\":\"2025-08-12T21:59:47+00:00\",\"description\":\"Criollo Kakaobohnen aus Peru, direkt vom Kleinbauern. Fairer Handel, intensiver Geschmack. Ideal f\u00fcr Chocolatiers und Konditoren.\",\"breadcrumb\":{\"@id\":\"https:\\\/\\\/sukeladefamke.nl\\\/index.php\\\/de\\\/kakaobohnen-aus-peru-deutch\\\/#breadcrumb\"},\"inLanguage\":\"nl-NL\",\"potentialAction\":[{\"@type\":\"ReadAction\",\"target\":[\"https:\\\/\\\/sukeladefamke.nl\\\/index.php\\\/de\\\/kakaobohnen-aus-peru-deutch\\\/\"]}]},{\"@type\":\"ImageObject\",\"inLanguage\":\"nl-NL\",\"@id\":\"https:\\\/\\\/sukeladefamke.nl\\\/index.php\\\/de\\\/kakaobohnen-aus-peru-deutch\\\/#primaryimage\",\"url\":\"https:\\\/\\\/sukeladefamke.nl\\\/wp-content\\\/uploads\\\/2025\\\/07\\\/IMG-20250518-WA0005.jpg\",\"contentUrl\":\"https:\\\/\\\/sukeladefamke.nl\\\/wp-content\\\/uploads\\\/2025\\\/07\\\/IMG-20250518-WA0005.jpg\",\"width\":1530,\"height\":2040,\"caption\":\"van cacao naar chocola\"},{\"@type\":\"BreadcrumbList\",\"@id\":\"https:\\\/\\\/sukeladefamke.nl\\\/index.php\\\/de\\\/kakaobohnen-aus-peru-deutch\\\/#breadcrumb\",\"itemListElement\":[{\"@type\":\"ListItem\",\"position\":1,\"name\":\"Home\",\"item\":\"https:\\\/\\\/sukeladefamke.nl\\\/\"},{\"@type\":\"ListItem\",\"position\":2,\"name\":\"Cacaobonen uit Peru &#8211; Deutch\"}]},{\"@type\":\"WebSite\",\"@id\":\"https:\\\/\\\/sukeladefamke.nl\\\/#website\",\"url\":\"https:\\\/\\\/sukeladefamke.nl\\\/\",\"name\":\"It S\u00fbkelade Famke\",\"description\":\"\",\"publisher\":{\"@id\":\"https:\\\/\\\/sukeladefamke.nl\\\/#organization\"},\"potentialAction\":[{\"@type\":\"SearchAction\",\"target\":{\"@type\":\"EntryPoint\",\"urlTemplate\":\"https:\\\/\\\/sukeladefamke.nl\\\/?s={search_term_string}\"},\"query-input\":{\"@type\":\"PropertyValueSpecification\",\"valueRequired\":true,\"valueName\":\"search_term_string\"}}],\"inLanguage\":\"nl-NL\"},{\"@type\":\"Organization\",\"@id\":\"https:\\\/\\\/sukeladefamke.nl\\\/#organization\",\"name\":\"It S\u00fbkelade Famke\",\"url\":\"https:\\\/\\\/sukeladefamke.nl\\\/\",\"logo\":{\"@type\":\"ImageObject\",\"inLanguage\":\"nl-NL\",\"@id\":\"https:\\\/\\\/sukeladefamke.nl\\\/#\\\/schema\\\/logo\\\/image\\\/\",\"url\":\"https:\\\/\\\/sukeladefamke.nl\\\/wp-content\\\/uploads\\\/2024\\\/02\\\/colibri.png\",\"contentUrl\":\"https:\\\/\\\/sukeladefamke.nl\\\/wp-content\\\/uploads\\\/2024\\\/02\\\/colibri.png\",\"width\":2304,\"height\":2363,\"caption\":\"It S\u00fbkelade Famke\"},\"image\":{\"@id\":\"https:\\\/\\\/sukeladefamke.nl\\\/#\\\/schema\\\/logo\\\/image\\\/\"}}]}<\/script>\n<!-- \/ Yoast SEO plugin. -->","yoast_head_json":{"title":"Criollo Kakaobohnen aus Peru | Direct Trade | It S\u00fbkelade Famke","description":"Criollo Kakaobohnen aus Peru, direkt vom Kleinbauern. Fairer Handel, intensiver Geschmack. Ideal f\u00fcr Chocolatiers und Konditoren.","robots":{"index":"index","follow":"follow","max-snippet":"max-snippet:-1","max-image-preview":"max-image-preview:large","max-video-preview":"max-video-preview:-1"},"canonical":"https:\/\/sukeladefamke.nl\/index.php\/de\/kakaobohnen-aus-peru-deutch\/","og_locale":"nl_NL","og_type":"article","og_title":"Criollo Kakaobohnen aus Peru | Direct Trade | It S\u00fbkelade Famke","og_description":"Criollo Kakaobohnen aus Peru, direkt vom Kleinbauern. Fairer Handel, intensiver Geschmack. Ideal f\u00fcr Chocolatiers und Konditoren.","og_url":"https:\/\/sukeladefamke.nl\/index.php\/de\/kakaobohnen-aus-peru-deutch\/","og_site_name":"It S\u00fbkelade Famke","article_modified_time":"2025-08-12T21:59:47+00:00","og_image":[{"width":1530,"height":2040,"url":"https:\/\/sukeladefamke.nl\/wp-content\/uploads\/2025\/07\/IMG-20250518-WA0005.jpg","type":"image\/jpeg"}],"twitter_card":"summary_large_image","twitter_misc":{"Geschatte leestijd":"2 minuten"},"schema":{"@context":"https:\/\/schema.org","@graph":[{"@type":"WebPage","@id":"https:\/\/sukeladefamke.nl\/index.php\/de\/kakaobohnen-aus-peru-deutch\/","url":"https:\/\/sukeladefamke.nl\/index.php\/de\/kakaobohnen-aus-peru-deutch\/","name":"Criollo Kakaobohnen aus Peru | Direct Trade | It S\u00fbkelade Famke","isPartOf":{"@id":"https:\/\/sukeladefamke.nl\/#website"},"primaryImageOfPage":{"@id":"https:\/\/sukeladefamke.nl\/index.php\/de\/kakaobohnen-aus-peru-deutch\/#primaryimage"},"image":{"@id":"https:\/\/sukeladefamke.nl\/index.php\/de\/kakaobohnen-aus-peru-deutch\/#primaryimage"},"thumbnailUrl":"https:\/\/sukeladefamke.nl\/wp-content\/uploads\/2025\/07\/IMG-20250518-WA0005-768x1024.jpg","datePublished":"2025-08-12T21:54:45+00:00","dateModified":"2025-08-12T21:59:47+00:00","description":"Criollo Kakaobohnen aus Peru, direkt vom Kleinbauern. Fairer Handel, intensiver Geschmack. Ideal f\u00fcr Chocolatiers und Konditoren.","breadcrumb":{"@id":"https:\/\/sukeladefamke.nl\/index.php\/de\/kakaobohnen-aus-peru-deutch\/#breadcrumb"},"inLanguage":"nl-NL","potentialAction":[{"@type":"ReadAction","target":["https:\/\/sukeladefamke.nl\/index.php\/de\/kakaobohnen-aus-peru-deutch\/"]}]},{"@type":"ImageObject","inLanguage":"nl-NL","@id":"https:\/\/sukeladefamke.nl\/index.php\/de\/kakaobohnen-aus-peru-deutch\/#primaryimage","url":"https:\/\/sukeladefamke.nl\/wp-content\/uploads\/2025\/07\/IMG-20250518-WA0005.jpg","contentUrl":"https:\/\/sukeladefamke.nl\/wp-content\/uploads\/2025\/07\/IMG-20250518-WA0005.jpg","width":1530,"height":2040,"caption":"van cacao naar chocola"},{"@type":"BreadcrumbList","@id":"https:\/\/sukeladefamke.nl\/index.php\/de\/kakaobohnen-aus-peru-deutch\/#breadcrumb","itemListElement":[{"@type":"ListItem","position":1,"name":"Home","item":"https:\/\/sukeladefamke.nl\/"},{"@type":"ListItem","position":2,"name":"Cacaobonen uit Peru &#8211; Deutch"}]},{"@type":"WebSite","@id":"https:\/\/sukeladefamke.nl\/#website","url":"https:\/\/sukeladefamke.nl\/","name":"It S\u00fbkelade Famke","description":"","publisher":{"@id":"https:\/\/sukeladefamke.nl\/#organization"},"potentialAction":[{"@type":"SearchAction","target":{"@type":"EntryPoint","urlTemplate":"https:\/\/sukeladefamke.nl\/?s={search_term_string}"},"query-input":{"@type":"PropertyValueSpecification","valueRequired":true,"valueName":"search_term_string"}}],"inLanguage":"nl-NL"},{"@type":"Organization","@id":"https:\/\/sukeladefamke.nl\/#organization","name":"It S\u00fbkelade Famke","url":"https:\/\/sukeladefamke.nl\/","logo":{"@type":"ImageObject","inLanguage":"nl-NL","@id":"https:\/\/sukeladefamke.nl\/#\/schema\/logo\/image\/","url":"https:\/\/sukeladefamke.nl\/wp-content\/uploads\/2024\/02\/colibri.png","contentUrl":"https:\/\/sukeladefamke.nl\/wp-content\/uploads\/2024\/02\/colibri.png","width":2304,"height":2363,"caption":"It S\u00fbkelade Famke"},"image":{"@id":"https:\/\/sukeladefamke.nl\/#\/schema\/logo\/image\/"}}]}},"_links":{"self":[{"href":"https:\/\/sukeladefamke.nl\/index.php\/wp-json\/wp\/v2\/pages\/1188","targetHints":{"allow":["GET"]}}],"collection":[{"href":"https:\/\/sukeladefamke.nl\/index.php\/wp-json\/wp\/v2\/pages"}],"about":[{"href":"https:\/\/sukeladefamke.nl\/index.php\/wp-json\/wp\/v2\/types\/page"}],"author":[{"embeddable":true,"href":"https:\/\/sukeladefamke.nl\/index.php\/wp-json\/wp\/v2\/users\/1"}],"replies":[{"embeddable":true,"href":"https:\/\/sukeladefamke.nl\/index.php\/wp-json\/wp\/v2\/comments?post=1188"}],"version-history":[{"count":5,"href":"https:\/\/sukeladefamke.nl\/index.php\/wp-json\/wp\/v2\/pages\/1188\/revisions"}],"predecessor-version":[{"id":1196,"href":"https:\/\/sukeladefamke.nl\/index.php\/wp-json\/wp\/v2\/pages\/1188\/revisions\/1196"}],"wp:attachment":[{"href":"https:\/\/sukeladefamke.nl\/index.php\/wp-json\/wp\/v2\/media?parent=1188"}],"curies":[{"name":"wp","href":"https:\/\/api.w.org\/{rel}","templated":true}]}}