{"id":1185,"date":"2025-08-12T23:34:39","date_gmt":"2025-08-12T21:34:39","guid":{"rendered":"https:\/\/sukeladefamke.nl\/?page_id=1185"},"modified":"2025-08-12T23:59:23","modified_gmt":"2025-08-12T21:59:23","slug":"ongebrande-koffiebonen-uit-peru-deutch","status":"publish","type":"page","link":"https:\/\/sukeladefamke.nl\/index.php\/de\/ongebrande-koffiebonen-uit-peru-deutch\/","title":{"rendered":"Ongebrande Koffiebonen uit Peru &#8211; Deutch"},"content":{"rendered":"\n<div class=\"wp-block-group alignfull has-base-background-color has-background has-extra-small-font-size has-global-padding is-layout-constrained wp-block-group-is-layout-constrained\">\n<div class=\"wp-block-cover alignfull is-light has-parallax\"><div role=\"img\" aria-label=\"verse koffiecherries\" class=\"wp-block-cover__image-background wp-image-428 size-large has-parallax\" style=\"background-position:50% 50%;background-image:url(https:\/\/sukeladefamke.nl\/wp-content\/uploads\/2025\/06\/slide14-1024x414.jpg)\"><\/div><span aria-hidden=\"true\" class=\"wp-block-cover__background has-background-dim-0 has-background-dim\"><\/span><div class=\"wp-block-cover__inner-container has-global-padding is-layout-constrained wp-block-cover-is-layout-constrained\">\n<p class=\"has-text-align-center has-white-color has-text-color has-link-color has-large-font-size wp-elements-c0055ca5246f35d7df16f18a8217954e\">It S\u00fbkelade Famke<br><\/p>\n\n\n\n<h1 class=\"wp-block-heading has-text-align-center has-white-color has-text-color has-link-color has-x-large-font-size wp-elements-4e9d18fab287c859be27908cde21d2fa\">Rohkaffee aus Peru<\/h1>\n<\/div><\/div>\n\n\n\n<h1 class=\"wp-block-heading\">Rohkaffee aus Peru f\u00fcr Kaffeer\u00f6ster<\/h1>\n\n\n\n<div class=\"wp-block-columns is-layout-flex wp-container-core-columns-is-layout-28f84493 wp-block-columns-is-layout-flex\">\n<div class=\"wp-block-column is-layout-flow wp-block-column-is-layout-flow\">\n<figure class=\"wp-block-image aligncenter size-large\"><img loading=\"lazy\" decoding=\"async\" width=\"1024\" height=\"730\" src=\"https:\/\/sukeladefamke.nl\/wp-content\/uploads\/2025\/07\/IMG-20250425-WA0005-e1751657286326-1024x730.jpg\" alt=\"Cupping van Peruaanse koffiebonen\" class=\"wp-image-797\" srcset=\"https:\/\/sukeladefamke.nl\/wp-content\/uploads\/2025\/07\/IMG-20250425-WA0005-e1751657286326-1024x730.jpg 1024w, https:\/\/sukeladefamke.nl\/wp-content\/uploads\/2025\/07\/IMG-20250425-WA0005-e1751657286326-300x214.jpg 300w, https:\/\/sukeladefamke.nl\/wp-content\/uploads\/2025\/07\/IMG-20250425-WA0005-e1751657286326-768x548.jpg 768w, https:\/\/sukeladefamke.nl\/wp-content\/uploads\/2025\/07\/IMG-20250425-WA0005-e1751657286326-600x428.jpg 600w, https:\/\/sukeladefamke.nl\/wp-content\/uploads\/2025\/07\/IMG-20250425-WA0005-e1751657286326.jpg 1168w\" sizes=\"auto, (max-width: 1024px) 100vw, 1024px\" \/><\/figure>\n<\/div>\n\n\n\n<div class=\"wp-block-column is-layout-flow wp-block-column-is-layout-flow\">\n<p>Bei It S\u00fbkelade Famke setzen wir auf Transparenz, Handwerkskunst und direkten Handel. Wir importieren unsere Rohkaffee direkt aus Cajamarca, einer hochgelegenen Region im Norden Perus, die f\u00fcr ihre Qualit\u00e4t und reiche Kaffeekultur bekannt ist.<br>Bei It S\u00fbkelade Famke setzen wir auf Transparenz, Handwerkskunst und direkten Handel. Wir importieren unsere gr\u00fcnen Kaffeebohnen direkt aus Cajamarca, einer hochgelegenen Region im Norden Perus, die f\u00fcr ihre Qualit\u00e4t und reiche Kaffeekultur bekannt ist.<\/p>\n<\/div>\n<\/div>\n\n\n\n<div class=\"wp-block-columns is-layout-flex wp-container-core-columns-is-layout-28f84493 wp-block-columns-is-layout-flex\">\n<div class=\"wp-block-column is-layout-flow wp-block-column-is-layout-flow\">\n<h3 class=\"wp-block-heading\">Warum sollten Sie sich f\u00fcr unsere peruanischen Rohkaffee entscheiden?<\/h3>\n\n\n\n<ul class=\"wp-block-list\">\n<li>Herkunft: Cajamarca, Peru<\/li>\n\n\n\n<li>H\u00f6he: 1000\u20131800 Meter \u00fcber dem Meeresspiegel<\/li>\n\n\n\n<li>Verarbeitung: Washed (gewaschene Methode)<\/li>\n\n\n\n<li>Premium Qualit\u00e4t Bohnen<\/li>\n\n\n\n<li>Direct trade<\/li>\n\n\n\n<li>Ernte von 2025-2026<\/li>\n<\/ul>\n<\/div>\n\n\n\n<div class=\"wp-block-column is-layout-flow wp-block-column-is-layout-flow\">\n<figure class=\"wp-block-image aligncenter size-large is-resized\"><img loading=\"lazy\" decoding=\"async\" width=\"1024\" height=\"768\" src=\"https:\/\/sukeladefamke.nl\/wp-content\/uploads\/2025\/07\/Valla-de-Cajamarca-2-1024x768.jpg\" alt=\"\" class=\"wp-image-802\" style=\"width:377px;height:auto\" srcset=\"https:\/\/sukeladefamke.nl\/wp-content\/uploads\/2025\/07\/Valla-de-Cajamarca-2-1024x768.jpg 1024w, https:\/\/sukeladefamke.nl\/wp-content\/uploads\/2025\/07\/Valla-de-Cajamarca-2-300x225.jpg 300w, https:\/\/sukeladefamke.nl\/wp-content\/uploads\/2025\/07\/Valla-de-Cajamarca-2-768x576.jpg 768w, https:\/\/sukeladefamke.nl\/wp-content\/uploads\/2025\/07\/Valla-de-Cajamarca-2-1536x1152.jpg 1536w, https:\/\/sukeladefamke.nl\/wp-content\/uploads\/2025\/07\/Valla-de-Cajamarca-2-1320x990.jpg 1320w, https:\/\/sukeladefamke.nl\/wp-content\/uploads\/2025\/07\/Valla-de-Cajamarca-2-600x450.jpg 600w, https:\/\/sukeladefamke.nl\/wp-content\/uploads\/2025\/07\/Valla-de-Cajamarca-2.jpg 2040w\" sizes=\"auto, (max-width: 1024px) 100vw, 1024px\" \/><\/figure>\n<\/div>\n<\/div>\n\n\n\n<div class=\"wp-block-columns is-layout-flex wp-container-core-columns-is-layout-28f84493 wp-block-columns-is-layout-flex\">\n<div class=\"wp-block-column is-layout-flow wp-block-column-is-layout-flow\">\n<h3 class=\"wp-block-heading\">F\u00fcr wen liefern wir?<\/h3>\n\n\n\n<p>Egal, ob Sie ein neuer R\u00f6ster oder ein etablierter Kaffeespezialist sind: Wir beliefern Mikror\u00f6ster und Kaffeespezialisten mit peruanischen Rohkaffeebohnen direkt von den Bauern in Cajamarca in verschiedenen Mengen. Wenn Sie ger\u00f6steten Kaffee f\u00fcr Ihr Unternehmen w\u00fcnschen, sind Sie bei uns an der richtigen Adresse. Wir r\u00f6sten unseren eigenen Kaffee und liefern ihn auf Anfrage.<\/p>\n<\/div>\n\n\n\n<div class=\"wp-block-column is-layout-flow wp-block-column-is-layout-flow\">\n<h2 class=\"wp-block-heading\">Interessiert an Kaffeebohnen<\/h2>\n\n\n\n<p>M\u00f6chten Sie mehr \u00fcber unseren aktuellen Lagerbestand oder unsere Preise erfahren?<\/p>\n\n\n\n<p>Kontaktieren Sie uns bitte \u00fcber das <a data-type=\"page\" data-id=\"360\" href=\"https:\/\/sukeladefamke.nl\/index.php\/contact\/\"><strong>Kontaktformular<\/strong><\/a> oder senden Sie uns eine E-Mail an <strong><a href=\"mailto:itsukeladefamke@hotmail.com\">itsukeladefamke@hotmail.com<\/a><\/strong><\/p>\n<\/div>\n<\/div>\n<\/div>\n","protected":false},"excerpt":{"rendered":"<p>Rohkaffee aus Peru f\u00fcr Kaffeer\u00f6ster Bei It S\u00fbkelade Famke setzen wir auf Transparenz, Handwerkskunst und direkten Handel. Wir importieren unsere Rohkaffee direkt aus Cajamarca, einer hochgelegenen Region im Norden Perus, die f\u00fcr ihre Qualit\u00e4t und reiche Kaffeekultur bekannt ist.Bei It S\u00fbkelade Famke setzen wir auf Transparenz, Handwerkskunst und direkten Handel. Wir importieren unsere gr\u00fcnen Kaffeebohnen&hellip;<\/p>\n","protected":false},"author":1,"featured_media":0,"parent":0,"menu_order":0,"comment_status":"closed","ping_status":"closed","template":"","meta":{"footnotes":""},"class_list":["post-1185","page","type-page","status-publish","hentry"],"yoast_head":"<!-- This site is optimized with the Yoast SEO plugin v27.3 - https:\/\/yoast.com\/product\/yoast-seo-wordpress\/ -->\n<title>Ongebrande Koffiebonen uit Peru - Deutch - It S\u00fbkelade Famke<\/title>\n<meta name=\"robots\" content=\"index, follow, max-snippet:-1, max-image-preview:large, max-video-preview:-1\" \/>\n<link rel=\"canonical\" href=\"https:\/\/sukeladefamke.nl\/index.php\/de\/ongebrande-koffiebonen-uit-peru-deutch\/\" \/>\n<meta property=\"og:locale\" content=\"nl_NL\" \/>\n<meta property=\"og:type\" content=\"article\" \/>\n<meta property=\"og:title\" content=\"Ongebrande Koffiebonen uit Peru - Deutch - It S\u00fbkelade Famke\" \/>\n<meta property=\"og:description\" content=\"Rohkaffee aus Peru f\u00fcr Kaffeer\u00f6ster Bei It S\u00fbkelade Famke setzen wir auf Transparenz, Handwerkskunst und direkten Handel. Wir importieren unsere Rohkaffee direkt aus Cajamarca, einer hochgelegenen Region im Norden Perus, die f\u00fcr ihre Qualit\u00e4t und reiche Kaffeekultur bekannt ist.Bei It S\u00fbkelade Famke setzen wir auf Transparenz, Handwerkskunst und direkten Handel. Wir importieren unsere gr\u00fcnen Kaffeebohnen&hellip;\" \/>\n<meta property=\"og:url\" content=\"https:\/\/sukeladefamke.nl\/index.php\/de\/ongebrande-koffiebonen-uit-peru-deutch\/\" \/>\n<meta property=\"og:site_name\" content=\"It S\u00fbkelade Famke\" \/>\n<meta property=\"article:modified_time\" content=\"2025-08-12T21:59:23+00:00\" \/>\n<meta property=\"og:image\" content=\"https:\/\/sukeladefamke.nl\/wp-content\/uploads\/2025\/07\/IMG-20250425-WA0005-e1751657286326.jpg\" \/>\n\t<meta property=\"og:image:width\" content=\"1168\" \/>\n\t<meta property=\"og:image:height\" content=\"833\" \/>\n\t<meta property=\"og:image:type\" content=\"image\/jpeg\" \/>\n<meta name=\"twitter:card\" content=\"summary_large_image\" \/>\n<meta name=\"twitter:label1\" content=\"Geschatte leestijd\" \/>\n\t<meta name=\"twitter:data1\" content=\"2 minuten\" \/>\n<script type=\"application\/ld+json\" class=\"yoast-schema-graph\">{\"@context\":\"https:\\\/\\\/schema.org\",\"@graph\":[{\"@type\":\"WebPage\",\"@id\":\"https:\\\/\\\/sukeladefamke.nl\\\/index.php\\\/de\\\/ongebrande-koffiebonen-uit-peru-deutch\\\/\",\"url\":\"https:\\\/\\\/sukeladefamke.nl\\\/index.php\\\/de\\\/ongebrande-koffiebonen-uit-peru-deutch\\\/\",\"name\":\"Ongebrande Koffiebonen uit Peru - Deutch - It S\u00fbkelade Famke\",\"isPartOf\":{\"@id\":\"https:\\\/\\\/sukeladefamke.nl\\\/#website\"},\"primaryImageOfPage\":{\"@id\":\"https:\\\/\\\/sukeladefamke.nl\\\/index.php\\\/de\\\/ongebrande-koffiebonen-uit-peru-deutch\\\/#primaryimage\"},\"image\":{\"@id\":\"https:\\\/\\\/sukeladefamke.nl\\\/index.php\\\/de\\\/ongebrande-koffiebonen-uit-peru-deutch\\\/#primaryimage\"},\"thumbnailUrl\":\"https:\\\/\\\/sukeladefamke.nl\\\/wp-content\\\/uploads\\\/2025\\\/07\\\/IMG-20250425-WA0005-e1751657286326-1024x730.jpg\",\"datePublished\":\"2025-08-12T21:34:39+00:00\",\"dateModified\":\"2025-08-12T21:59:23+00:00\",\"breadcrumb\":{\"@id\":\"https:\\\/\\\/sukeladefamke.nl\\\/index.php\\\/de\\\/ongebrande-koffiebonen-uit-peru-deutch\\\/#breadcrumb\"},\"inLanguage\":\"nl-NL\",\"potentialAction\":[{\"@type\":\"ReadAction\",\"target\":[\"https:\\\/\\\/sukeladefamke.nl\\\/index.php\\\/de\\\/ongebrande-koffiebonen-uit-peru-deutch\\\/\"]}]},{\"@type\":\"ImageObject\",\"inLanguage\":\"nl-NL\",\"@id\":\"https:\\\/\\\/sukeladefamke.nl\\\/index.php\\\/de\\\/ongebrande-koffiebonen-uit-peru-deutch\\\/#primaryimage\",\"url\":\"https:\\\/\\\/sukeladefamke.nl\\\/wp-content\\\/uploads\\\/2025\\\/07\\\/IMG-20250425-WA0005-e1751657286326.jpg\",\"contentUrl\":\"https:\\\/\\\/sukeladefamke.nl\\\/wp-content\\\/uploads\\\/2025\\\/07\\\/IMG-20250425-WA0005-e1751657286326.jpg\",\"width\":1168,\"height\":833,\"caption\":\"Cupping van Peruaanse koffiebonen\"},{\"@type\":\"BreadcrumbList\",\"@id\":\"https:\\\/\\\/sukeladefamke.nl\\\/index.php\\\/de\\\/ongebrande-koffiebonen-uit-peru-deutch\\\/#breadcrumb\",\"itemListElement\":[{\"@type\":\"ListItem\",\"position\":1,\"name\":\"Home\",\"item\":\"https:\\\/\\\/sukeladefamke.nl\\\/\"},{\"@type\":\"ListItem\",\"position\":2,\"name\":\"Ongebrande Koffiebonen uit Peru &#8211; Deutch\"}]},{\"@type\":\"WebSite\",\"@id\":\"https:\\\/\\\/sukeladefamke.nl\\\/#website\",\"url\":\"https:\\\/\\\/sukeladefamke.nl\\\/\",\"name\":\"It S\u00fbkelade Famke\",\"description\":\"\",\"publisher\":{\"@id\":\"https:\\\/\\\/sukeladefamke.nl\\\/#organization\"},\"potentialAction\":[{\"@type\":\"SearchAction\",\"target\":{\"@type\":\"EntryPoint\",\"urlTemplate\":\"https:\\\/\\\/sukeladefamke.nl\\\/?s={search_term_string}\"},\"query-input\":{\"@type\":\"PropertyValueSpecification\",\"valueRequired\":true,\"valueName\":\"search_term_string\"}}],\"inLanguage\":\"nl-NL\"},{\"@type\":\"Organization\",\"@id\":\"https:\\\/\\\/sukeladefamke.nl\\\/#organization\",\"name\":\"It S\u00fbkelade Famke\",\"url\":\"https:\\\/\\\/sukeladefamke.nl\\\/\",\"logo\":{\"@type\":\"ImageObject\",\"inLanguage\":\"nl-NL\",\"@id\":\"https:\\\/\\\/sukeladefamke.nl\\\/#\\\/schema\\\/logo\\\/image\\\/\",\"url\":\"https:\\\/\\\/sukeladefamke.nl\\\/wp-content\\\/uploads\\\/2024\\\/02\\\/colibri.png\",\"contentUrl\":\"https:\\\/\\\/sukeladefamke.nl\\\/wp-content\\\/uploads\\\/2024\\\/02\\\/colibri.png\",\"width\":2304,\"height\":2363,\"caption\":\"It S\u00fbkelade Famke\"},\"image\":{\"@id\":\"https:\\\/\\\/sukeladefamke.nl\\\/#\\\/schema\\\/logo\\\/image\\\/\"}}]}<\/script>\n<!-- \/ Yoast SEO plugin. -->","yoast_head_json":{"title":"Ongebrande Koffiebonen uit Peru - Deutch - It S\u00fbkelade Famke","robots":{"index":"index","follow":"follow","max-snippet":"max-snippet:-1","max-image-preview":"max-image-preview:large","max-video-preview":"max-video-preview:-1"},"canonical":"https:\/\/sukeladefamke.nl\/index.php\/de\/ongebrande-koffiebonen-uit-peru-deutch\/","og_locale":"nl_NL","og_type":"article","og_title":"Ongebrande Koffiebonen uit Peru - Deutch - It S\u00fbkelade Famke","og_description":"Rohkaffee aus Peru f\u00fcr Kaffeer\u00f6ster Bei It S\u00fbkelade Famke setzen wir auf Transparenz, Handwerkskunst und direkten Handel. Wir importieren unsere Rohkaffee direkt aus Cajamarca, einer hochgelegenen Region im Norden Perus, die f\u00fcr ihre Qualit\u00e4t und reiche Kaffeekultur bekannt ist.Bei It S\u00fbkelade Famke setzen wir auf Transparenz, Handwerkskunst und direkten Handel. Wir importieren unsere gr\u00fcnen Kaffeebohnen&hellip;","og_url":"https:\/\/sukeladefamke.nl\/index.php\/de\/ongebrande-koffiebonen-uit-peru-deutch\/","og_site_name":"It S\u00fbkelade Famke","article_modified_time":"2025-08-12T21:59:23+00:00","og_image":[{"width":1168,"height":833,"url":"https:\/\/sukeladefamke.nl\/wp-content\/uploads\/2025\/07\/IMG-20250425-WA0005-e1751657286326.jpg","type":"image\/jpeg"}],"twitter_card":"summary_large_image","twitter_misc":{"Geschatte leestijd":"2 minuten"},"schema":{"@context":"https:\/\/schema.org","@graph":[{"@type":"WebPage","@id":"https:\/\/sukeladefamke.nl\/index.php\/de\/ongebrande-koffiebonen-uit-peru-deutch\/","url":"https:\/\/sukeladefamke.nl\/index.php\/de\/ongebrande-koffiebonen-uit-peru-deutch\/","name":"Ongebrande Koffiebonen uit Peru - Deutch - It S\u00fbkelade Famke","isPartOf":{"@id":"https:\/\/sukeladefamke.nl\/#website"},"primaryImageOfPage":{"@id":"https:\/\/sukeladefamke.nl\/index.php\/de\/ongebrande-koffiebonen-uit-peru-deutch\/#primaryimage"},"image":{"@id":"https:\/\/sukeladefamke.nl\/index.php\/de\/ongebrande-koffiebonen-uit-peru-deutch\/#primaryimage"},"thumbnailUrl":"https:\/\/sukeladefamke.nl\/wp-content\/uploads\/2025\/07\/IMG-20250425-WA0005-e1751657286326-1024x730.jpg","datePublished":"2025-08-12T21:34:39+00:00","dateModified":"2025-08-12T21:59:23+00:00","breadcrumb":{"@id":"https:\/\/sukeladefamke.nl\/index.php\/de\/ongebrande-koffiebonen-uit-peru-deutch\/#breadcrumb"},"inLanguage":"nl-NL","potentialAction":[{"@type":"ReadAction","target":["https:\/\/sukeladefamke.nl\/index.php\/de\/ongebrande-koffiebonen-uit-peru-deutch\/"]}]},{"@type":"ImageObject","inLanguage":"nl-NL","@id":"https:\/\/sukeladefamke.nl\/index.php\/de\/ongebrande-koffiebonen-uit-peru-deutch\/#primaryimage","url":"https:\/\/sukeladefamke.nl\/wp-content\/uploads\/2025\/07\/IMG-20250425-WA0005-e1751657286326.jpg","contentUrl":"https:\/\/sukeladefamke.nl\/wp-content\/uploads\/2025\/07\/IMG-20250425-WA0005-e1751657286326.jpg","width":1168,"height":833,"caption":"Cupping van Peruaanse koffiebonen"},{"@type":"BreadcrumbList","@id":"https:\/\/sukeladefamke.nl\/index.php\/de\/ongebrande-koffiebonen-uit-peru-deutch\/#breadcrumb","itemListElement":[{"@type":"ListItem","position":1,"name":"Home","item":"https:\/\/sukeladefamke.nl\/"},{"@type":"ListItem","position":2,"name":"Ongebrande Koffiebonen uit Peru &#8211; Deutch"}]},{"@type":"WebSite","@id":"https:\/\/sukeladefamke.nl\/#website","url":"https:\/\/sukeladefamke.nl\/","name":"It S\u00fbkelade Famke","description":"","publisher":{"@id":"https:\/\/sukeladefamke.nl\/#organization"},"potentialAction":[{"@type":"SearchAction","target":{"@type":"EntryPoint","urlTemplate":"https:\/\/sukeladefamke.nl\/?s={search_term_string}"},"query-input":{"@type":"PropertyValueSpecification","valueRequired":true,"valueName":"search_term_string"}}],"inLanguage":"nl-NL"},{"@type":"Organization","@id":"https:\/\/sukeladefamke.nl\/#organization","name":"It S\u00fbkelade Famke","url":"https:\/\/sukeladefamke.nl\/","logo":{"@type":"ImageObject","inLanguage":"nl-NL","@id":"https:\/\/sukeladefamke.nl\/#\/schema\/logo\/image\/","url":"https:\/\/sukeladefamke.nl\/wp-content\/uploads\/2024\/02\/colibri.png","contentUrl":"https:\/\/sukeladefamke.nl\/wp-content\/uploads\/2024\/02\/colibri.png","width":2304,"height":2363,"caption":"It S\u00fbkelade Famke"},"image":{"@id":"https:\/\/sukeladefamke.nl\/#\/schema\/logo\/image\/"}}]}},"_links":{"self":[{"href":"https:\/\/sukeladefamke.nl\/index.php\/wp-json\/wp\/v2\/pages\/1185","targetHints":{"allow":["GET"]}}],"collection":[{"href":"https:\/\/sukeladefamke.nl\/index.php\/wp-json\/wp\/v2\/pages"}],"about":[{"href":"https:\/\/sukeladefamke.nl\/index.php\/wp-json\/wp\/v2\/types\/page"}],"author":[{"embeddable":true,"href":"https:\/\/sukeladefamke.nl\/index.php\/wp-json\/wp\/v2\/users\/1"}],"replies":[{"embeddable":true,"href":"https:\/\/sukeladefamke.nl\/index.php\/wp-json\/wp\/v2\/comments?post=1185"}],"version-history":[{"count":3,"href":"https:\/\/sukeladefamke.nl\/index.php\/wp-json\/wp\/v2\/pages\/1185\/revisions"}],"predecessor-version":[{"id":1195,"href":"https:\/\/sukeladefamke.nl\/index.php\/wp-json\/wp\/v2\/pages\/1185\/revisions\/1195"}],"wp:attachment":[{"href":"https:\/\/sukeladefamke.nl\/index.php\/wp-json\/wp\/v2\/media?parent=1185"}],"curies":[{"name":"wp","href":"https:\/\/api.w.org\/{rel}","templated":true}]}}